{"id":1052,"date":"2025-04-16T14:32:38","date_gmt":"2025-04-16T12:32:38","guid":{"rendered":"https:\/\/www.probadmergentheim.de\/?page_id=1052"},"modified":"2025-04-24T09:53:35","modified_gmt":"2025-04-24T07:53:35","slug":"mitglied-werden","status":"publish","type":"page","link":"https:\/\/www.probadmergentheim.de\/index.php\/mitglied-werden\/","title":{"rendered":"Mitglied werden"},"content":{"rendered":"\t\t<div data-elementor-type=\"wp-page\" data-elementor-id=\"1052\" class=\"elementor elementor-1052\" data-elementor-post-type=\"page\">\n\t\t\t\t<div class=\"elementor-element elementor-element-f3893d4 e-flex e-con-boxed wpr-particle-no wpr-jarallax-no wpr-parallax-no wpr-sticky-section-no e-con e-parent\" data-id=\"f3893d4\" data-element_type=\"container\">\n\t\t\t\t\t<div class=\"e-con-inner\">\n\t\t\t\t<div class=\"elementor-element elementor-element-72e64fb elementor-widget elementor-widget-spacer\" data-id=\"72e64fb\" data-element_type=\"widget\" data-widget_type=\"spacer.default\">\n\t\t\t\t<div class=\"elementor-widget-container\">\n\t\t\t\t\t\t\t<div class=\"elementor-spacer\">\n\t\t\t<div class=\"elementor-spacer-inner\"><\/div>\n\t\t<\/div>\n\t\t\t\t\t\t<\/div>\n\t\t\t\t<\/div>\n\t\t<div class=\"elementor-element elementor-element-e056639 e-con-full e-flex wpr-particle-no wpr-jarallax-no wpr-parallax-no wpr-sticky-section-no e-con e-child\" data-id=\"e056639\" data-element_type=\"container\">\n\t\t\t\t<div class=\"elementor-element elementor-element-52e011a elementor-widget elementor-widget-heading\" data-id=\"52e011a\" data-element_type=\"widget\" data-widget_type=\"heading.default\">\n\t\t\t\t<div class=\"elementor-widget-container\">\n\t\t\t\t\t<h2 class=\"elementor-heading-title elementor-size-default\">Mitglied werden<\/h2>\t\t\t\t<\/div>\n\t\t\t\t<\/div>\n\t\t\t\t<\/div>\n\t\t\t\t\t<\/div>\n\t\t\t\t<\/div>\n\t\t<div class=\"elementor-element elementor-element-ce15651 e-grid e-con-boxed wpr-particle-no wpr-jarallax-no wpr-parallax-no wpr-sticky-section-no e-con e-parent\" data-id=\"ce15651\" data-element_type=\"container\">\n\t\t\t\t\t<div class=\"e-con-inner\">\n\t\t\t\t<div class=\"elementor-element elementor-element-7887a04 elementor-widget elementor-widget-spacer\" data-id=\"7887a04\" data-element_type=\"widget\" data-widget_type=\"spacer.default\">\n\t\t\t\t<div class=\"elementor-widget-container\">\n\t\t\t\t\t\t\t<div class=\"elementor-spacer\">\n\t\t\t<div class=\"elementor-spacer-inner\"><\/div>\n\t\t<\/div>\n\t\t\t\t\t\t<\/div>\n\t\t\t\t<\/div>\n\t\t\t\t<div class=\"elementor-element elementor-element-2604fb4 elementor-widget elementor-widget-text-editor\" data-id=\"2604fb4\" data-element_type=\"widget\" data-widget_type=\"text-editor.default\">\n\t\t\t\t<div class=\"elementor-widget-container\">\n\t\t\t\t\t\t\t\t\t<h3>Werde Teil von PRO Bad Mergentheim e.V. \u2013 Gemeinsam gestalten wir unsere Stadt!<\/h3><p>Du liebst Bad Mergentheim und m\u00f6chtest dich f\u00fcr eine lebenswerte, zukunftsf\u00e4hige Stadt einsetzen?<br data-start=\"751\" data-end=\"754\" \/>Dann werde Mitglied bei <strong data-start=\"778\" data-end=\"806\">PRO Bad Mergentheim e.V.<\/strong> \u2013 dem B\u00fcrgerverein f\u00fcr alle, die mitreden, mitdenken und mitgestalten wollen.<\/p><h5 data-start=\"891\" data-end=\"923\"><strong>Warum Mitglied werden?<\/strong><\/h5><p data-start=\"891\" data-end=\"923\"><span style=\"background-color: transparent; font-size: 16px;\">Du setzt ein Zeichen f\u00fcr B\u00fcrgerbeteiligung und Transparenz.<br \/><\/span><span style=\"background-color: transparent; font-size: 16px; color: inherit; font-family: inherit;\">Du unterst\u00fctzt unsere Arbeit f\u00fcr ein lebendiges, nachhaltiges und gerechtes Bad Mergentheim.<br \/><\/span><span style=\"background-color: transparent; font-size: 16px; color: inherit; font-family: inherit;\">Du kannst dich aktiv einbringen \u2013 oder einfach nur still unterst\u00fctzen.<br \/><\/span><span style=\"background-color: transparent; font-size: 16px; color: inherit; font-family: inherit;\">Du bleibst immer auf dem Laufenden \u00fcber aktuelle Projekte, Initiativen und Veranstaltungen.<\/span><\/p><h5><span data-start=\"1257\" data-end=\"1295\"><b>Mitgliedschaft \u2013 so einfach geht\u2019s<\/b><\/span><\/h5><p data-start=\"1250\" data-end=\"1295\"><span style=\"background-color: transparent; font-size: 16px;\">Der Mitgliedsbeitrag betr\u00e4gt <\/span><span style=\"background-color: transparent; font-size: 16px;\" data-start=\"1327\" data-end=\"1345\"><b>30\u20ac pro Jahr<br \/><\/b><\/span><span style=\"background-color: transparent; font-size: 16px;\">Eine K\u00fcndigung ist jederzeit zum Jahresende m\u00f6glich<br \/><\/span><span style=\"background-color: transparent; font-size: 16px; color: inherit; font-family: inherit;\">Deine Daten werden selbstverst\u00e4ndlich vertraulich behandelt<\/span><\/p><h5 data-start=\"1250\" data-end=\"1295\"><strong data-start=\"1257\" data-end=\"1295\">Jetzt Mitglied werden<\/strong><\/h5><p>F\u00fclle unseren <a style=\"color: #324a6d;\" href=\"https:\/\/www.probadmergentheim.de\/wp-content\/uploads\/2025\/04\/Beitrittserklaerung-PRO-MGH_2024.pdf\" target=\"_blank\" rel=\"noopener\"><strong>Mitgliedsantrag<\/strong><\/a> aus und sende ihn uns gerne per E-Mail oder Post zu &#8211; oder gib ihn einfach bei einer unserer Veranstaltungen ab.<\/p><p>Noch Fragen? Wir sind gerne f\u00fcr dich da. Schreib uns eine Nachricht \u00fcber Instagram, per Mail oder sprich uns direkt an.<br \/>Informationen zu unserer Satzung, siehe <a style=\"color: #324a6d;\" href=\"https:\/\/www.probadmergentheim.de\/wp-content\/uploads\/2025\/04\/Satzung-PRO_MGH_Beschlossen-23.12.2024.pdf\" target=\"_blank\" rel=\"noopener\"><strong>hier<\/strong><\/a><\/p>\t\t\t\t\t\t\t\t<\/div>\n\t\t\t\t<\/div>\n\t\t\t\t\t<\/div>\n\t\t\t\t<\/div>\n\t\t<div class=\"elementor-element elementor-element-5b12407 e-flex e-con-boxed wpr-particle-no wpr-jarallax-no wpr-parallax-no wpr-sticky-section-no e-con e-parent\" data-id=\"5b12407\" data-element_type=\"container\">\n\t\t\t\t\t<div class=\"e-con-inner\">\n\t\t\t\t\t<\/div>\n\t\t\t\t<\/div>\n\t\t\t\t<\/div>\n\t\t","protected":false},"excerpt":{"rendered":"<p>Mitglied werden Werde Teil von PRO Bad Mergentheim e.V. \u2013 Gemeinsam gestalten wir unsere Stadt! Du liebst Bad Mergentheim und m\u00f6chtest dich f\u00fcr eine lebenswerte, zukunftsf\u00e4hige Stadt einsetzen?Dann werde Mitglied bei PRO Bad Mergentheim e.V. \u2013 dem B\u00fcrgerverein f\u00fcr alle, die mitreden, mitdenken und mitgestalten wollen. Warum Mitglied werden? Du setzt ein Zeichen f\u00fcr B\u00fcrgerbeteiligung und Transparenz.Du unterst\u00fctzt unsere Arbeit f\u00fcr ein lebendiges, nachhaltiges und gerechtes Bad Mergentheim.Du kannst dich aktiv einbringen \u2013 oder einfach nur still unterst\u00fctzen.Du bleibst immer auf dem Laufenden \u00fcber aktuelle Projekte, Initiativen und Veranstaltungen. Mitgliedschaft \u2013 so einfach geht\u2019s Der Mitgliedsbeitrag betr\u00e4gt 30\u20ac pro JahrEine K\u00fcndigung ist jederzeit zum Jahresende m\u00f6glichDeine Daten werden selbstverst\u00e4ndlich vertraulich behandelt Jetzt Mitglied werden F\u00fclle unseren Mitgliedsantrag aus und sende ihn uns gerne per E-Mail oder Post zu &#8211; oder gib ihn einfach bei einer unserer Veranstaltungen ab. Noch Fragen? Wir sind gerne f\u00fcr dich da. Schreib uns eine Nachricht \u00fcber Instagram, per Mail oder sprich uns direkt an.Informationen zu unserer Satzung, siehe hier<\/p>\n","protected":false},"author":7,"featured_media":0,"parent":0,"menu_order":0,"comment_status":"closed","ping_status":"closed","template":"","meta":{"footnotes":""},"class_list":["post-1052","page","type-page","status-publish","hentry"],"yoast_head":"<!-- This site is optimized with the Yoast SEO plugin v24.9 - https:\/\/yoast.com\/wordpress\/plugins\/seo\/ -->\n<title>Mitglied werden - PRO Bad Mergentheim<\/title>\n<meta name=\"robots\" content=\"index, follow, max-snippet:-1, max-image-preview:large, max-video-preview:-1\" \/>\n<link rel=\"canonical\" href=\"https:\/\/www.probadmergentheim.de\/index.php\/mitglied-werden\/\" \/>\n<meta property=\"og:locale\" content=\"de_DE\" \/>\n<meta property=\"og:type\" content=\"article\" \/>\n<meta property=\"og:title\" content=\"Mitglied werden - PRO Bad Mergentheim\" \/>\n<meta property=\"og:description\" content=\"Mitglied werden Werde Teil von PRO Bad Mergentheim e.V. \u2013 Gemeinsam gestalten wir unsere Stadt! Du liebst Bad Mergentheim und m\u00f6chtest dich f\u00fcr eine lebenswerte, zukunftsf\u00e4hige Stadt einsetzen?Dann werde Mitglied bei PRO Bad Mergentheim e.V. \u2013 dem B\u00fcrgerverein f\u00fcr alle, die mitreden, mitdenken und mitgestalten wollen. Warum Mitglied werden? Du setzt ein Zeichen f\u00fcr B\u00fcrgerbeteiligung und Transparenz.Du unterst\u00fctzt unsere Arbeit f\u00fcr ein lebendiges, nachhaltiges und gerechtes Bad Mergentheim.Du kannst dich aktiv einbringen \u2013 oder einfach nur still unterst\u00fctzen.Du bleibst immer auf dem Laufenden \u00fcber aktuelle Projekte, Initiativen und Veranstaltungen. Mitgliedschaft \u2013 so einfach geht\u2019s Der Mitgliedsbeitrag betr\u00e4gt 30\u20ac pro JahrEine K\u00fcndigung ist jederzeit zum Jahresende m\u00f6glichDeine Daten werden selbstverst\u00e4ndlich vertraulich behandelt Jetzt Mitglied werden F\u00fclle unseren Mitgliedsantrag aus und sende ihn uns gerne per E-Mail oder Post zu &#8211; oder gib ihn einfach bei einer unserer Veranstaltungen ab. Noch Fragen? Wir sind gerne f\u00fcr dich da. Schreib uns eine Nachricht \u00fcber Instagram, per Mail oder sprich uns direkt an.Informationen zu unserer Satzung, siehe hier\" \/>\n<meta property=\"og:url\" content=\"https:\/\/www.probadmergentheim.de\/index.php\/mitglied-werden\/\" \/>\n<meta property=\"og:site_name\" content=\"PRO Bad Mergentheim\" \/>\n<meta property=\"article:modified_time\" content=\"2025-04-24T07:53:35+00:00\" \/>\n<meta name=\"twitter:card\" content=\"summary_large_image\" \/>\n<meta name=\"twitter:label1\" content=\"Gesch\u00e4tzte Lesezeit\" \/>\n\t<meta name=\"twitter:data1\" content=\"1\u00a0Minute\" \/>\n<script type=\"application\/ld+json\" class=\"yoast-schema-graph\">{\"@context\":\"https:\/\/schema.org\",\"@graph\":[{\"@type\":\"WebPage\",\"@id\":\"https:\/\/www.probadmergentheim.de\/index.php\/mitglied-werden\/\",\"url\":\"https:\/\/www.probadmergentheim.de\/index.php\/mitglied-werden\/\",\"name\":\"Mitglied werden - PRO Bad Mergentheim\",\"isPartOf\":{\"@id\":\"https:\/\/www.probadmergentheim.de\/#website\"},\"datePublished\":\"2025-04-16T12:32:38+00:00\",\"dateModified\":\"2025-04-24T07:53:35+00:00\",\"breadcrumb\":{\"@id\":\"https:\/\/www.probadmergentheim.de\/index.php\/mitglied-werden\/#breadcrumb\"},\"inLanguage\":\"de\",\"potentialAction\":[{\"@type\":\"ReadAction\",\"target\":[\"https:\/\/www.probadmergentheim.de\/index.php\/mitglied-werden\/\"]}]},{\"@type\":\"BreadcrumbList\",\"@id\":\"https:\/\/www.probadmergentheim.de\/index.php\/mitglied-werden\/#breadcrumb\",\"itemListElement\":[{\"@type\":\"ListItem\",\"position\":1,\"name\":\"Startseite\",\"item\":\"https:\/\/www.probadmergentheim.de\/\"},{\"@type\":\"ListItem\",\"position\":2,\"name\":\"Mitglied werden\"}]},{\"@type\":\"WebSite\",\"@id\":\"https:\/\/www.probadmergentheim.de\/#website\",\"url\":\"https:\/\/www.probadmergentheim.de\/\",\"name\":\"PRO Bad Mergentheim\",\"description\":\"Die Zukunftsmacher\",\"publisher\":{\"@id\":\"https:\/\/www.probadmergentheim.de\/#organization\"},\"potentialAction\":[{\"@type\":\"SearchAction\",\"target\":{\"@type\":\"EntryPoint\",\"urlTemplate\":\"https:\/\/www.probadmergentheim.de\/?s={search_term_string}\"},\"query-input\":{\"@type\":\"PropertyValueSpecification\",\"valueRequired\":true,\"valueName\":\"search_term_string\"}}],\"inLanguage\":\"de\"},{\"@type\":\"Organization\",\"@id\":\"https:\/\/www.probadmergentheim.de\/#organization\",\"name\":\"PRO Bad Mergentheim\",\"url\":\"https:\/\/www.probadmergentheim.de\/\",\"logo\":{\"@type\":\"ImageObject\",\"inLanguage\":\"de\",\"@id\":\"https:\/\/www.probadmergentheim.de\/#\/schema\/logo\/image\/\",\"url\":\"https:\/\/www.probadmergentheim.de\/wp-content\/uploads\/2024\/04\/cropped-pro-MGH_DieZukunftsmacher_Logo-02-scaled-1.jpg\",\"contentUrl\":\"https:\/\/www.probadmergentheim.de\/wp-content\/uploads\/2024\/04\/cropped-pro-MGH_DieZukunftsmacher_Logo-02-scaled-1.jpg\",\"width\":2560,\"height\":1539,\"caption\":\"PRO Bad Mergentheim\"},\"image\":{\"@id\":\"https:\/\/www.probadmergentheim.de\/#\/schema\/logo\/image\/\"}}]}<\/script>\n<!-- \/ Yoast SEO plugin. -->","yoast_head_json":{"title":"Mitglied werden - PRO Bad Mergentheim","robots":{"index":"index","follow":"follow","max-snippet":"max-snippet:-1","max-image-preview":"max-image-preview:large","max-video-preview":"max-video-preview:-1"},"canonical":"https:\/\/www.probadmergentheim.de\/index.php\/mitglied-werden\/","og_locale":"de_DE","og_type":"article","og_title":"Mitglied werden - PRO Bad Mergentheim","og_description":"Mitglied werden Werde Teil von PRO Bad Mergentheim e.V. \u2013 Gemeinsam gestalten wir unsere Stadt! Du liebst Bad Mergentheim und m\u00f6chtest dich f\u00fcr eine lebenswerte, zukunftsf\u00e4hige Stadt einsetzen?Dann werde Mitglied bei PRO Bad Mergentheim e.V. \u2013 dem B\u00fcrgerverein f\u00fcr alle, die mitreden, mitdenken und mitgestalten wollen. Warum Mitglied werden? Du setzt ein Zeichen f\u00fcr B\u00fcrgerbeteiligung und Transparenz.Du unterst\u00fctzt unsere Arbeit f\u00fcr ein lebendiges, nachhaltiges und gerechtes Bad Mergentheim.Du kannst dich aktiv einbringen \u2013 oder einfach nur still unterst\u00fctzen.Du bleibst immer auf dem Laufenden \u00fcber aktuelle Projekte, Initiativen und Veranstaltungen. Mitgliedschaft \u2013 so einfach geht\u2019s Der Mitgliedsbeitrag betr\u00e4gt 30\u20ac pro JahrEine K\u00fcndigung ist jederzeit zum Jahresende m\u00f6glichDeine Daten werden selbstverst\u00e4ndlich vertraulich behandelt Jetzt Mitglied werden F\u00fclle unseren Mitgliedsantrag aus und sende ihn uns gerne per E-Mail oder Post zu &#8211; oder gib ihn einfach bei einer unserer Veranstaltungen ab. Noch Fragen? Wir sind gerne f\u00fcr dich da. Schreib uns eine Nachricht \u00fcber Instagram, per Mail oder sprich uns direkt an.Informationen zu unserer Satzung, siehe hier","og_url":"https:\/\/www.probadmergentheim.de\/index.php\/mitglied-werden\/","og_site_name":"PRO Bad Mergentheim","article_modified_time":"2025-04-24T07:53:35+00:00","twitter_card":"summary_large_image","twitter_misc":{"Gesch\u00e4tzte Lesezeit":"1\u00a0Minute"},"schema":{"@context":"https:\/\/schema.org","@graph":[{"@type":"WebPage","@id":"https:\/\/www.probadmergentheim.de\/index.php\/mitglied-werden\/","url":"https:\/\/www.probadmergentheim.de\/index.php\/mitglied-werden\/","name":"Mitglied werden - PRO Bad Mergentheim","isPartOf":{"@id":"https:\/\/www.probadmergentheim.de\/#website"},"datePublished":"2025-04-16T12:32:38+00:00","dateModified":"2025-04-24T07:53:35+00:00","breadcrumb":{"@id":"https:\/\/www.probadmergentheim.de\/index.php\/mitglied-werden\/#breadcrumb"},"inLanguage":"de","potentialAction":[{"@type":"ReadAction","target":["https:\/\/www.probadmergentheim.de\/index.php\/mitglied-werden\/"]}]},{"@type":"BreadcrumbList","@id":"https:\/\/www.probadmergentheim.de\/index.php\/mitglied-werden\/#breadcrumb","itemListElement":[{"@type":"ListItem","position":1,"name":"Startseite","item":"https:\/\/www.probadmergentheim.de\/"},{"@type":"ListItem","position":2,"name":"Mitglied werden"}]},{"@type":"WebSite","@id":"https:\/\/www.probadmergentheim.de\/#website","url":"https:\/\/www.probadmergentheim.de\/","name":"PRO Bad Mergentheim","description":"Die Zukunftsmacher","publisher":{"@id":"https:\/\/www.probadmergentheim.de\/#organization"},"potentialAction":[{"@type":"SearchAction","target":{"@type":"EntryPoint","urlTemplate":"https:\/\/www.probadmergentheim.de\/?s={search_term_string}"},"query-input":{"@type":"PropertyValueSpecification","valueRequired":true,"valueName":"search_term_string"}}],"inLanguage":"de"},{"@type":"Organization","@id":"https:\/\/www.probadmergentheim.de\/#organization","name":"PRO Bad Mergentheim","url":"https:\/\/www.probadmergentheim.de\/","logo":{"@type":"ImageObject","inLanguage":"de","@id":"https:\/\/www.probadmergentheim.de\/#\/schema\/logo\/image\/","url":"https:\/\/www.probadmergentheim.de\/wp-content\/uploads\/2024\/04\/cropped-pro-MGH_DieZukunftsmacher_Logo-02-scaled-1.jpg","contentUrl":"https:\/\/www.probadmergentheim.de\/wp-content\/uploads\/2024\/04\/cropped-pro-MGH_DieZukunftsmacher_Logo-02-scaled-1.jpg","width":2560,"height":1539,"caption":"PRO Bad Mergentheim"},"image":{"@id":"https:\/\/www.probadmergentheim.de\/#\/schema\/logo\/image\/"}}]}},"jetpack_sharing_enabled":true,"_links":{"self":[{"href":"https:\/\/www.probadmergentheim.de\/index.php\/wp-json\/wp\/v2\/pages\/1052","targetHints":{"allow":["GET"]}}],"collection":[{"href":"https:\/\/www.probadmergentheim.de\/index.php\/wp-json\/wp\/v2\/pages"}],"about":[{"href":"https:\/\/www.probadmergentheim.de\/index.php\/wp-json\/wp\/v2\/types\/page"}],"author":[{"embeddable":true,"href":"https:\/\/www.probadmergentheim.de\/index.php\/wp-json\/wp\/v2\/users\/7"}],"replies":[{"embeddable":true,"href":"https:\/\/www.probadmergentheim.de\/index.php\/wp-json\/wp\/v2\/comments?post=1052"}],"version-history":[{"count":50,"href":"https:\/\/www.probadmergentheim.de\/index.php\/wp-json\/wp\/v2\/pages\/1052\/revisions"}],"predecessor-version":[{"id":1210,"href":"https:\/\/www.probadmergentheim.de\/index.php\/wp-json\/wp\/v2\/pages\/1052\/revisions\/1210"}],"wp:attachment":[{"href":"https:\/\/www.probadmergentheim.de\/index.php\/wp-json\/wp\/v2\/media?parent=1052"}],"curies":[{"name":"wp","href":"https:\/\/api.w.org\/{rel}","templated":true}]}}