{"id":1116,"date":"2025-04-16T19:05:58","date_gmt":"2025-04-16T17:05:58","guid":{"rendered":"https:\/\/www.probadmergentheim.de\/?page_id=1116"},"modified":"2025-04-24T09:53:04","modified_gmt":"2025-04-24T07:53:04","slug":"elementor-seite-1116","status":"publish","type":"page","link":"https:\/\/www.probadmergentheim.de\/index.php\/elementor-seite-1116\/","title":{"rendered":"\u00dcber uns"},"content":{"rendered":"\t\t<div data-elementor-type=\"wp-page\" data-elementor-id=\"1116\" class=\"elementor elementor-1116\" data-elementor-post-type=\"page\">\n\t\t\t\t<div class=\"elementor-element elementor-element-9afc562 e-flex e-con-boxed wpr-particle-no wpr-jarallax-no wpr-parallax-no wpr-sticky-section-no e-con e-parent\" data-id=\"9afc562\" data-element_type=\"container\">\n\t\t\t\t\t<div class=\"e-con-inner\">\n\t\t\t\t<div class=\"elementor-element elementor-element-d4aea1b elementor-widget elementor-widget-spacer\" data-id=\"d4aea1b\" data-element_type=\"widget\" data-widget_type=\"spacer.default\">\n\t\t\t\t<div class=\"elementor-widget-container\">\n\t\t\t\t\t\t\t<div class=\"elementor-spacer\">\n\t\t\t<div class=\"elementor-spacer-inner\"><\/div>\n\t\t<\/div>\n\t\t\t\t\t\t<\/div>\n\t\t\t\t<\/div>\n\t\t\t\t<div class=\"elementor-element elementor-element-e572199 elementor-widget elementor-widget-heading\" data-id=\"e572199\" data-element_type=\"widget\" data-widget_type=\"heading.default\">\n\t\t\t\t<div class=\"elementor-widget-container\">\n\t\t\t\t\t<h2 class=\"elementor-heading-title elementor-size-default\">\u00dcber uns<\/h2>\t\t\t\t<\/div>\n\t\t\t\t<\/div>\n\t\t\t\t\t<\/div>\n\t\t\t\t<\/div>\n\t\t<div class=\"elementor-element elementor-element-c1ed39c e-flex e-con-boxed wpr-particle-no wpr-jarallax-no wpr-parallax-no wpr-sticky-section-no e-con e-parent\" data-id=\"c1ed39c\" data-element_type=\"container\">\n\t\t\t\t\t<div class=\"e-con-inner\">\n\t\t\t\t<div class=\"elementor-element elementor-element-36f0d36 elementor-widget elementor-widget-spacer\" data-id=\"36f0d36\" data-element_type=\"widget\" data-widget_type=\"spacer.default\">\n\t\t\t\t<div class=\"elementor-widget-container\">\n\t\t\t\t\t\t\t<div class=\"elementor-spacer\">\n\t\t\t<div class=\"elementor-spacer-inner\"><\/div>\n\t\t<\/div>\n\t\t\t\t\t\t<\/div>\n\t\t\t\t<\/div>\n\t\t\t\t<div class=\"elementor-element elementor-element-cd95ef1 elementor-widget elementor-widget-text-editor\" data-id=\"cd95ef1\" data-element_type=\"widget\" data-widget_type=\"text-editor.default\">\n\t\t\t\t<div class=\"elementor-widget-container\">\n\t\t\t\t\t\t\t\t\t<p>Wir sind PRO BAD MERGENTHEIM e.V., ein gemeinn\u00fctziger F\u00f6rderverein mit dem Ziel, die Lebensqualit\u00e4t in Bad Mergentheim nachhaltig zu verbessern. Unsere Initiativen konzentrieren sich auf soziale, kulturelle und stadtgestalterische Projekte \u2013 immer im Dienst der Gemeinschaft.<\/p><h5><strong>Unsere Ziele und Aktivit\u00e4ten<\/strong><\/h5><p>Wir entwickeln eigene Projekte und unterst\u00fctzen Projekte anderer Organisationen, die unserem Ziel einer Verbesserung der Lebensqualit\u00e4t dienen. Anregungen dazu erwarten wir nicht nur von unseren Mitgliedern, sondern beziehen auch gerne Impulse unserer Mitb\u00fcrger ein. Weitere wichtige Impulse kommen von unseren 7 Mitgliedern im Gemeinderat der Stadt Bad Mergentheim. So gelingt es uns, b\u00fcrgerschaftliches Engagement mit Kommunalpolitischer Wirksamkeit zu verbinden \u2013 zum Wohl unserer Stadt und ihrer B\u00fcrgerinnen und B\u00fcrger.<\/p><h5><strong>Transparenz und Kommunikation<\/strong><\/h5><p>Transparenz ist f\u00fcr PRO BAD MERGENTHEIM e.V. ein wesentlicher Wert. Wir berichten \u00fcber unsere Arbeit und deren Fortschritte \u00fcber verschiedene Medien: Unsere Website, Instagram, WhatsApp Kanal, Pressemitteilungen und eigene Veranstaltungen.<\/p><h5><strong>Gemeinschaft<\/strong><\/h5><p>Gemeinsam handeln, feiern und unsere Stadt gestalten \u2013 das ist unser Ziel. Wir laden alle Mitb\u00fcrger ein, sich aktiv zu beteiligen und Teil unserer Gemeinschaft zu werden.<\/p><h5><strong>Unser Team<\/strong><\/h5><p>Unser gemeinn\u00fctziger F\u00f6rderverein wird von gew\u00e4hlten ehrenamtlichen Mitgliedern gef\u00fchrt:<\/p><p>1. Vorsitzender: G\u00e9r\u00f4me Friedrich<\/p><p>2. Vorsitzender: Karl-Wilhelm Vekony<\/p><p>Kassenwart: Sabine Wahl<\/p><p>Kassenpr\u00fcfer: Caroline Pelka<\/p><p>Beisitzer: Andreas Grehn, Chames-Eddin Roth, Simon Jira<\/p><p>Schriftf\u00fchrer: David Schmidt<\/p>\t\t\t\t\t\t\t\t<\/div>\n\t\t\t\t<\/div>\n\t\t\t\t\t<\/div>\n\t\t\t\t<\/div>\n\t\t\t\t<\/div>\n\t\t","protected":false},"excerpt":{"rendered":"<p>\u00dcber uns Wir sind PRO BAD MERGENTHEIM e.V., ein gemeinn\u00fctziger F\u00f6rderverein mit dem Ziel, die Lebensqualit\u00e4t in Bad Mergentheim nachhaltig zu verbessern. Unsere Initiativen konzentrieren sich auf soziale, kulturelle und stadtgestalterische Projekte \u2013 immer im Dienst der Gemeinschaft. Unsere Ziele und Aktivit\u00e4ten Wir entwickeln eigene Projekte und unterst\u00fctzen Projekte anderer Organisationen, die unserem Ziel einer Verbesserung der Lebensqualit\u00e4t dienen. Anregungen dazu erwarten wir nicht nur von unseren Mitgliedern, sondern beziehen auch gerne Impulse unserer Mitb\u00fcrger ein. Weitere wichtige Impulse kommen von unseren 7 Mitgliedern im Gemeinderat der Stadt Bad Mergentheim. So gelingt es uns, b\u00fcrgerschaftliches Engagement mit Kommunalpolitischer Wirksamkeit zu verbinden \u2013 zum Wohl unserer Stadt und ihrer B\u00fcrgerinnen und B\u00fcrger. Transparenz und Kommunikation Transparenz ist f\u00fcr PRO BAD MERGENTHEIM e.V. ein wesentlicher Wert. Wir berichten \u00fcber unsere Arbeit und deren Fortschritte \u00fcber verschiedene Medien: Unsere Website, Instagram, WhatsApp Kanal, Pressemitteilungen und eigene Veranstaltungen. Gemeinschaft Gemeinsam handeln, feiern und unsere Stadt gestalten \u2013 das ist unser Ziel. Wir laden alle Mitb\u00fcrger ein, sich aktiv zu beteiligen und Teil unserer Gemeinschaft zu werden. Unser Team Unser gemeinn\u00fctziger F\u00f6rderverein wird von gew\u00e4hlten ehrenamtlichen Mitgliedern gef\u00fchrt: 1. Vorsitzender: G\u00e9r\u00f4me Friedrich 2. Vorsitzender: Karl-Wilhelm Vekony Kassenwart: Sabine Wahl Kassenpr\u00fcfer: Caroline Pelka Beisitzer: Andreas Grehn, Chames-Eddin Roth, Simon Jira Schriftf\u00fchrer: David Schmidt<\/p>\n","protected":false},"author":7,"featured_media":0,"parent":0,"menu_order":0,"comment_status":"closed","ping_status":"closed","template":"","meta":{"footnotes":""},"class_list":["post-1116","page","type-page","status-publish","hentry"],"yoast_head":"<!-- This site is optimized with the Yoast SEO plugin v24.9 - https:\/\/yoast.com\/wordpress\/plugins\/seo\/ -->\n<title>\u00dcber uns - PRO Bad Mergentheim<\/title>\n<meta name=\"robots\" content=\"index, follow, max-snippet:-1, max-image-preview:large, max-video-preview:-1\" \/>\n<link rel=\"canonical\" href=\"https:\/\/www.probadmergentheim.de\/index.php\/elementor-seite-1116\/\" \/>\n<meta property=\"og:locale\" content=\"de_DE\" \/>\n<meta property=\"og:type\" content=\"article\" \/>\n<meta property=\"og:title\" content=\"\u00dcber uns - PRO Bad Mergentheim\" \/>\n<meta property=\"og:description\" content=\"\u00dcber uns Wir sind PRO BAD MERGENTHEIM e.V., ein gemeinn\u00fctziger F\u00f6rderverein mit dem Ziel, die Lebensqualit\u00e4t in Bad Mergentheim nachhaltig zu verbessern. Unsere Initiativen konzentrieren sich auf soziale, kulturelle und stadtgestalterische Projekte \u2013 immer im Dienst der Gemeinschaft. Unsere Ziele und Aktivit\u00e4ten Wir entwickeln eigene Projekte und unterst\u00fctzen Projekte anderer Organisationen, die unserem Ziel einer Verbesserung der Lebensqualit\u00e4t dienen. Anregungen dazu erwarten wir nicht nur von unseren Mitgliedern, sondern beziehen auch gerne Impulse unserer Mitb\u00fcrger ein. Weitere wichtige Impulse kommen von unseren 7 Mitgliedern im Gemeinderat der Stadt Bad Mergentheim. So gelingt es uns, b\u00fcrgerschaftliches Engagement mit Kommunalpolitischer Wirksamkeit zu verbinden \u2013 zum Wohl unserer Stadt und ihrer B\u00fcrgerinnen und B\u00fcrger. Transparenz und Kommunikation Transparenz ist f\u00fcr PRO BAD MERGENTHEIM e.V. ein wesentlicher Wert. Wir berichten \u00fcber unsere Arbeit und deren Fortschritte \u00fcber verschiedene Medien: Unsere Website, Instagram, WhatsApp Kanal, Pressemitteilungen und eigene Veranstaltungen. Gemeinschaft Gemeinsam handeln, feiern und unsere Stadt gestalten \u2013 das ist unser Ziel. Wir laden alle Mitb\u00fcrger ein, sich aktiv zu beteiligen und Teil unserer Gemeinschaft zu werden. Unser Team Unser gemeinn\u00fctziger F\u00f6rderverein wird von gew\u00e4hlten ehrenamtlichen Mitgliedern gef\u00fchrt: 1. Vorsitzender: G\u00e9r\u00f4me Friedrich 2. Vorsitzender: Karl-Wilhelm Vekony Kassenwart: Sabine Wahl Kassenpr\u00fcfer: Caroline Pelka Beisitzer: Andreas Grehn, Chames-Eddin Roth, Simon Jira Schriftf\u00fchrer: David Schmidt\" \/>\n<meta property=\"og:url\" content=\"https:\/\/www.probadmergentheim.de\/index.php\/elementor-seite-1116\/\" \/>\n<meta property=\"og:site_name\" content=\"PRO Bad Mergentheim\" \/>\n<meta property=\"article:modified_time\" content=\"2025-04-24T07:53:04+00:00\" \/>\n<meta name=\"twitter:card\" content=\"summary_large_image\" \/>\n<meta name=\"twitter:label1\" content=\"Gesch\u00e4tzte Lesezeit\" \/>\n\t<meta name=\"twitter:data1\" content=\"2\u00a0Minuten\" \/>\n<script type=\"application\/ld+json\" class=\"yoast-schema-graph\">{\"@context\":\"https:\/\/schema.org\",\"@graph\":[{\"@type\":\"WebPage\",\"@id\":\"https:\/\/www.probadmergentheim.de\/index.php\/elementor-seite-1116\/\",\"url\":\"https:\/\/www.probadmergentheim.de\/index.php\/elementor-seite-1116\/\",\"name\":\"\u00dcber uns - PRO Bad Mergentheim\",\"isPartOf\":{\"@id\":\"https:\/\/www.probadmergentheim.de\/#website\"},\"datePublished\":\"2025-04-16T17:05:58+00:00\",\"dateModified\":\"2025-04-24T07:53:04+00:00\",\"breadcrumb\":{\"@id\":\"https:\/\/www.probadmergentheim.de\/index.php\/elementor-seite-1116\/#breadcrumb\"},\"inLanguage\":\"de\",\"potentialAction\":[{\"@type\":\"ReadAction\",\"target\":[\"https:\/\/www.probadmergentheim.de\/index.php\/elementor-seite-1116\/\"]}]},{\"@type\":\"BreadcrumbList\",\"@id\":\"https:\/\/www.probadmergentheim.de\/index.php\/elementor-seite-1116\/#breadcrumb\",\"itemListElement\":[{\"@type\":\"ListItem\",\"position\":1,\"name\":\"Startseite\",\"item\":\"https:\/\/www.probadmergentheim.de\/\"},{\"@type\":\"ListItem\",\"position\":2,\"name\":\"\u00dcber uns\"}]},{\"@type\":\"WebSite\",\"@id\":\"https:\/\/www.probadmergentheim.de\/#website\",\"url\":\"https:\/\/www.probadmergentheim.de\/\",\"name\":\"PRO Bad Mergentheim\",\"description\":\"Die Zukunftsmacher\",\"publisher\":{\"@id\":\"https:\/\/www.probadmergentheim.de\/#organization\"},\"potentialAction\":[{\"@type\":\"SearchAction\",\"target\":{\"@type\":\"EntryPoint\",\"urlTemplate\":\"https:\/\/www.probadmergentheim.de\/?s={search_term_string}\"},\"query-input\":{\"@type\":\"PropertyValueSpecification\",\"valueRequired\":true,\"valueName\":\"search_term_string\"}}],\"inLanguage\":\"de\"},{\"@type\":\"Organization\",\"@id\":\"https:\/\/www.probadmergentheim.de\/#organization\",\"name\":\"PRO Bad Mergentheim\",\"url\":\"https:\/\/www.probadmergentheim.de\/\",\"logo\":{\"@type\":\"ImageObject\",\"inLanguage\":\"de\",\"@id\":\"https:\/\/www.probadmergentheim.de\/#\/schema\/logo\/image\/\",\"url\":\"https:\/\/www.probadmergentheim.de\/wp-content\/uploads\/2024\/04\/cropped-pro-MGH_DieZukunftsmacher_Logo-02-scaled-1.jpg\",\"contentUrl\":\"https:\/\/www.probadmergentheim.de\/wp-content\/uploads\/2024\/04\/cropped-pro-MGH_DieZukunftsmacher_Logo-02-scaled-1.jpg\",\"width\":2560,\"height\":1539,\"caption\":\"PRO Bad Mergentheim\"},\"image\":{\"@id\":\"https:\/\/www.probadmergentheim.de\/#\/schema\/logo\/image\/\"}}]}<\/script>\n<!-- \/ Yoast SEO plugin. -->","yoast_head_json":{"title":"\u00dcber uns - PRO Bad Mergentheim","robots":{"index":"index","follow":"follow","max-snippet":"max-snippet:-1","max-image-preview":"max-image-preview:large","max-video-preview":"max-video-preview:-1"},"canonical":"https:\/\/www.probadmergentheim.de\/index.php\/elementor-seite-1116\/","og_locale":"de_DE","og_type":"article","og_title":"\u00dcber uns - PRO Bad Mergentheim","og_description":"\u00dcber uns Wir sind PRO BAD MERGENTHEIM e.V., ein gemeinn\u00fctziger F\u00f6rderverein mit dem Ziel, die Lebensqualit\u00e4t in Bad Mergentheim nachhaltig zu verbessern. Unsere Initiativen konzentrieren sich auf soziale, kulturelle und stadtgestalterische Projekte \u2013 immer im Dienst der Gemeinschaft. Unsere Ziele und Aktivit\u00e4ten Wir entwickeln eigene Projekte und unterst\u00fctzen Projekte anderer Organisationen, die unserem Ziel einer Verbesserung der Lebensqualit\u00e4t dienen. Anregungen dazu erwarten wir nicht nur von unseren Mitgliedern, sondern beziehen auch gerne Impulse unserer Mitb\u00fcrger ein. Weitere wichtige Impulse kommen von unseren 7 Mitgliedern im Gemeinderat der Stadt Bad Mergentheim. So gelingt es uns, b\u00fcrgerschaftliches Engagement mit Kommunalpolitischer Wirksamkeit zu verbinden \u2013 zum Wohl unserer Stadt und ihrer B\u00fcrgerinnen und B\u00fcrger. Transparenz und Kommunikation Transparenz ist f\u00fcr PRO BAD MERGENTHEIM e.V. ein wesentlicher Wert. Wir berichten \u00fcber unsere Arbeit und deren Fortschritte \u00fcber verschiedene Medien: Unsere Website, Instagram, WhatsApp Kanal, Pressemitteilungen und eigene Veranstaltungen. Gemeinschaft Gemeinsam handeln, feiern und unsere Stadt gestalten \u2013 das ist unser Ziel. Wir laden alle Mitb\u00fcrger ein, sich aktiv zu beteiligen und Teil unserer Gemeinschaft zu werden. Unser Team Unser gemeinn\u00fctziger F\u00f6rderverein wird von gew\u00e4hlten ehrenamtlichen Mitgliedern gef\u00fchrt: 1. Vorsitzender: G\u00e9r\u00f4me Friedrich 2. Vorsitzender: Karl-Wilhelm Vekony Kassenwart: Sabine Wahl Kassenpr\u00fcfer: Caroline Pelka Beisitzer: Andreas Grehn, Chames-Eddin Roth, Simon Jira Schriftf\u00fchrer: David Schmidt","og_url":"https:\/\/www.probadmergentheim.de\/index.php\/elementor-seite-1116\/","og_site_name":"PRO Bad Mergentheim","article_modified_time":"2025-04-24T07:53:04+00:00","twitter_card":"summary_large_image","twitter_misc":{"Gesch\u00e4tzte Lesezeit":"2\u00a0Minuten"},"schema":{"@context":"https:\/\/schema.org","@graph":[{"@type":"WebPage","@id":"https:\/\/www.probadmergentheim.de\/index.php\/elementor-seite-1116\/","url":"https:\/\/www.probadmergentheim.de\/index.php\/elementor-seite-1116\/","name":"\u00dcber uns - PRO Bad Mergentheim","isPartOf":{"@id":"https:\/\/www.probadmergentheim.de\/#website"},"datePublished":"2025-04-16T17:05:58+00:00","dateModified":"2025-04-24T07:53:04+00:00","breadcrumb":{"@id":"https:\/\/www.probadmergentheim.de\/index.php\/elementor-seite-1116\/#breadcrumb"},"inLanguage":"de","potentialAction":[{"@type":"ReadAction","target":["https:\/\/www.probadmergentheim.de\/index.php\/elementor-seite-1116\/"]}]},{"@type":"BreadcrumbList","@id":"https:\/\/www.probadmergentheim.de\/index.php\/elementor-seite-1116\/#breadcrumb","itemListElement":[{"@type":"ListItem","position":1,"name":"Startseite","item":"https:\/\/www.probadmergentheim.de\/"},{"@type":"ListItem","position":2,"name":"\u00dcber uns"}]},{"@type":"WebSite","@id":"https:\/\/www.probadmergentheim.de\/#website","url":"https:\/\/www.probadmergentheim.de\/","name":"PRO Bad Mergentheim","description":"Die Zukunftsmacher","publisher":{"@id":"https:\/\/www.probadmergentheim.de\/#organization"},"potentialAction":[{"@type":"SearchAction","target":{"@type":"EntryPoint","urlTemplate":"https:\/\/www.probadmergentheim.de\/?s={search_term_string}"},"query-input":{"@type":"PropertyValueSpecification","valueRequired":true,"valueName":"search_term_string"}}],"inLanguage":"de"},{"@type":"Organization","@id":"https:\/\/www.probadmergentheim.de\/#organization","name":"PRO Bad Mergentheim","url":"https:\/\/www.probadmergentheim.de\/","logo":{"@type":"ImageObject","inLanguage":"de","@id":"https:\/\/www.probadmergentheim.de\/#\/schema\/logo\/image\/","url":"https:\/\/www.probadmergentheim.de\/wp-content\/uploads\/2024\/04\/cropped-pro-MGH_DieZukunftsmacher_Logo-02-scaled-1.jpg","contentUrl":"https:\/\/www.probadmergentheim.de\/wp-content\/uploads\/2024\/04\/cropped-pro-MGH_DieZukunftsmacher_Logo-02-scaled-1.jpg","width":2560,"height":1539,"caption":"PRO Bad Mergentheim"},"image":{"@id":"https:\/\/www.probadmergentheim.de\/#\/schema\/logo\/image\/"}}]}},"jetpack_sharing_enabled":true,"_links":{"self":[{"href":"https:\/\/www.probadmergentheim.de\/index.php\/wp-json\/wp\/v2\/pages\/1116","targetHints":{"allow":["GET"]}}],"collection":[{"href":"https:\/\/www.probadmergentheim.de\/index.php\/wp-json\/wp\/v2\/pages"}],"about":[{"href":"https:\/\/www.probadmergentheim.de\/index.php\/wp-json\/wp\/v2\/types\/page"}],"author":[{"embeddable":true,"href":"https:\/\/www.probadmergentheim.de\/index.php\/wp-json\/wp\/v2\/users\/7"}],"replies":[{"embeddable":true,"href":"https:\/\/www.probadmergentheim.de\/index.php\/wp-json\/wp\/v2\/comments?post=1116"}],"version-history":[{"count":17,"href":"https:\/\/www.probadmergentheim.de\/index.php\/wp-json\/wp\/v2\/pages\/1116\/revisions"}],"predecessor-version":[{"id":1203,"href":"https:\/\/www.probadmergentheim.de\/index.php\/wp-json\/wp\/v2\/pages\/1116\/revisions\/1203"}],"wp:attachment":[{"href":"https:\/\/www.probadmergentheim.de\/index.php\/wp-json\/wp\/v2\/media?parent=1116"}],"curies":[{"name":"wp","href":"https:\/\/api.w.org\/{rel}","templated":true}]}}