{"id":1143,"date":"2025-04-16T20:02:21","date_gmt":"2025-04-16T18:02:21","guid":{"rendered":"https:\/\/www.probadmergentheim.de\/?page_id=1143"},"modified":"2025-04-24T09:53:21","modified_gmt":"2025-04-24T07:53:21","slug":"elementor-seite-1143","status":"publish","type":"page","link":"https:\/\/www.probadmergentheim.de\/index.php\/elementor-seite-1143\/","title":{"rendered":"Spenden"},"content":{"rendered":"\t\t<div data-elementor-type=\"wp-page\" data-elementor-id=\"1143\" class=\"elementor elementor-1143\" data-elementor-post-type=\"page\">\n\t\t\t\t<div class=\"elementor-element elementor-element-9f4a52b e-flex e-con-boxed wpr-particle-no wpr-jarallax-no wpr-parallax-no wpr-sticky-section-no e-con e-parent\" data-id=\"9f4a52b\" data-element_type=\"container\">\n\t\t\t\t\t<div class=\"e-con-inner\">\n\t\t\t\t<div class=\"elementor-element elementor-element-4072785 elementor-widget elementor-widget-spacer\" data-id=\"4072785\" data-element_type=\"widget\" data-widget_type=\"spacer.default\">\n\t\t\t\t<div class=\"elementor-widget-container\">\n\t\t\t\t\t\t\t<div class=\"elementor-spacer\">\n\t\t\t<div class=\"elementor-spacer-inner\"><\/div>\n\t\t<\/div>\n\t\t\t\t\t\t<\/div>\n\t\t\t\t<\/div>\n\t\t<div class=\"elementor-element elementor-element-994770d e-con-full e-flex wpr-particle-no wpr-jarallax-no wpr-parallax-no wpr-sticky-section-no e-con e-child\" data-id=\"994770d\" data-element_type=\"container\">\n\t\t\t\t<div class=\"elementor-element elementor-element-9d49ea2 elementor-widget elementor-widget-heading\" data-id=\"9d49ea2\" data-element_type=\"widget\" data-widget_type=\"heading.default\">\n\t\t\t\t<div class=\"elementor-widget-container\">\n\t\t\t\t\t<h2 class=\"elementor-heading-title elementor-size-default\">Spenden<\/h2>\t\t\t\t<\/div>\n\t\t\t\t<\/div>\n\t\t\t\t<div class=\"elementor-element elementor-element-b224b93 elementor-widget elementor-widget-spacer\" data-id=\"b224b93\" data-element_type=\"widget\" data-widget_type=\"spacer.default\">\n\t\t\t\t<div class=\"elementor-widget-container\">\n\t\t\t\t\t\t\t<div class=\"elementor-spacer\">\n\t\t\t<div class=\"elementor-spacer-inner\"><\/div>\n\t\t<\/div>\n\t\t\t\t\t\t<\/div>\n\t\t\t\t<\/div>\n\t\t\t\t<div class=\"elementor-element elementor-element-0b882f4 elementor-widget elementor-widget-text-editor\" data-id=\"0b882f4\" data-element_type=\"widget\" data-widget_type=\"text-editor.default\">\n\t\t\t\t<div class=\"elementor-widget-container\">\n\t\t\t\t\t\t\t\t\t<h3><b>Unterst\u00fctzen Sie PRO BAD MERGENTHEIM e.V.<\/b><\/h3><h5><b>Gemeinsam f\u00fcr eine bessere Lebensqualit\u00e4t<\/b><\/h5><p><span style=\"font-weight: 400;\">PRO BAD MERGENTHEIM e.V. setzt sich f\u00fcr die nachhaltige Verbesserung der Lebensqualit\u00e4t in Bad Mergentheim ein. Unsere Projekte reichen von sozialen und kulturellen Initiativen bis hin zu stadtgestalterischen Ma\u00dfnahmen. Mit Ihrer Spende k\u00f6nnen Sie einen direkten Beitrag zur positiven Entwicklung unserer Stadt leisten.<\/span><\/p><h5><b>Unsere Projekte<\/b><\/h5><p><b>Soziale Projekte<\/b><span style=\"font-weight: 400;\">: Unterst\u00fctzung von bed\u00fcrftigen Mitb\u00fcrgern, F\u00f6rderung von Bildungsinitiativen und soziale Integration<br \/><\/span><b>Kulturelle Projekte<\/b><span style=\"font-weight: 400;\">: Organisation von kulturellen Veranstaltungen, F\u00f6rderung lokaler K\u00fcnstler und Erhalt des kulturellen Erbes<br \/><\/span><b>Stadtgestalterische Projekte<\/b><span style=\"font-weight: 400;\">: Versch\u00f6nerung \u00f6ffentlicher Pl\u00e4tze, F\u00f6rderung nachhaltiger Stadtentwicklung und Verbesserung der Infrastruktur<\/span><\/p><h5><b>Warum spenden?<\/b><\/h5><p><span style=\"font-weight: 400;\">Als F\u00f6rderverein sind wir auf Spenden angewiesen. Wir freuen uns \u00fcber jede Spende, sei sie von privaten Personen, Gruppen oder Unternehmen, die die Realisierung unserer Ziele unterst\u00fctzen wollen. Da unser Verein gemeinn\u00fctzig ist, sind die Spenden aufgrund der ausgestellten Spendenbescheinigung steuerlich absetzbar.<\/span><\/p><h5><b>Bankverbindung<\/b><\/h5><p><b>Name<\/b><span style=\"font-weight: 400;\">: PRO Bad Mergentheim e.V.<br \/><\/span><b>IBAN<\/b><span style=\"font-weight: 400;\">: DE 6739 0000 0003 718808<br \/><\/span><\/p><h5><b>Transparenz und Vertrauen<\/b><\/h5><p><span style=\"font-weight: 400;\">Wir legen gro\u00dfen Wert auf Transparenz. \u00dcber den Fortschritt unserer Projekte und die Verwendung der Spenden informieren wir regelm\u00e4\u00dfig auf unserer Website, \u00fcber soziale Medien und in unseren Veranstaltungen.<\/span><\/p><h5><b>So k\u00f6nnen Sie spenden<\/b><\/h5><p><b>Bank\u00fcberweisung<\/b><span style=\"font-weight: 400;\">: \u00dcberweisen Sie Ihre Spende direkt auf unser Konto<br \/><\/span><b>Sachspenden<\/b><span style=\"font-weight: 400;\">: Kontaktieren Sie uns f\u00fcr Informationen zu Sachspenden<br \/><\/span><\/p><h5><b>Gemeinsam f\u00fcr Bad Mergentheim<\/b><\/h5><p><span style=\"font-weight: 400;\">Jede Spende z\u00e4hlt und bringt uns unserem Ziel n\u00e4her, Bad Mergentheim zu einem noch lebenswerteren Ort zu machen. Vielen Dank f\u00fcr Ihre Unterst\u00fctzung!<\/span><\/p>\t\t\t\t\t\t\t\t<\/div>\n\t\t\t\t<\/div>\n\t\t\t\t<\/div>\n\t\t\t\t\t<\/div>\n\t\t\t\t<\/div>\n\t\t\t\t<\/div>\n\t\t","protected":false},"excerpt":{"rendered":"<p>Spenden Unterst\u00fctzen Sie PRO BAD MERGENTHEIM e.V. Gemeinsam f\u00fcr eine bessere Lebensqualit\u00e4t PRO BAD MERGENTHEIM e.V. setzt sich f\u00fcr die nachhaltige Verbesserung der Lebensqualit\u00e4t in Bad Mergentheim ein. Unsere Projekte reichen von sozialen und kulturellen Initiativen bis hin zu stadtgestalterischen Ma\u00dfnahmen. Mit Ihrer Spende k\u00f6nnen Sie einen direkten Beitrag zur positiven Entwicklung unserer Stadt leisten. Unsere Projekte Soziale Projekte: Unterst\u00fctzung von bed\u00fcrftigen Mitb\u00fcrgern, F\u00f6rderung von Bildungsinitiativen und soziale IntegrationKulturelle Projekte: Organisation von kulturellen Veranstaltungen, F\u00f6rderung lokaler K\u00fcnstler und Erhalt des kulturellen ErbesStadtgestalterische Projekte: Versch\u00f6nerung \u00f6ffentlicher Pl\u00e4tze, F\u00f6rderung nachhaltiger Stadtentwicklung und Verbesserung der Infrastruktur Warum spenden? Als F\u00f6rderverein sind wir auf Spenden angewiesen. Wir freuen uns \u00fcber jede Spende, sei sie von privaten Personen, Gruppen oder Unternehmen, die die Realisierung unserer Ziele unterst\u00fctzen wollen. Da unser Verein gemeinn\u00fctzig ist, sind die Spenden aufgrund der ausgestellten Spendenbescheinigung steuerlich absetzbar. Bankverbindung Name: PRO Bad Mergentheim e.V.IBAN: DE 6739 0000 0003 718808 Transparenz und Vertrauen Wir legen gro\u00dfen Wert auf Transparenz. \u00dcber den Fortschritt unserer Projekte und die Verwendung der Spenden informieren wir regelm\u00e4\u00dfig auf unserer Website, \u00fcber soziale Medien und in unseren Veranstaltungen. So k\u00f6nnen Sie spenden Bank\u00fcberweisung: \u00dcberweisen Sie Ihre Spende direkt auf unser KontoSachspenden: Kontaktieren Sie uns f\u00fcr Informationen zu Sachspenden Gemeinsam f\u00fcr Bad Mergentheim Jede Spende z\u00e4hlt und bringt uns unserem Ziel n\u00e4her, Bad Mergentheim zu einem noch lebenswerteren Ort zu machen. Vielen Dank f\u00fcr Ihre Unterst\u00fctzung!<\/p>\n","protected":false},"author":7,"featured_media":0,"parent":0,"menu_order":0,"comment_status":"closed","ping_status":"closed","template":"","meta":{"footnotes":""},"class_list":["post-1143","page","type-page","status-publish","hentry"],"yoast_head":"<!-- This site is optimized with the Yoast SEO plugin v24.9 - https:\/\/yoast.com\/wordpress\/plugins\/seo\/ -->\n<title>Spenden - PRO Bad Mergentheim<\/title>\n<meta name=\"robots\" content=\"index, follow, max-snippet:-1, max-image-preview:large, max-video-preview:-1\" \/>\n<link rel=\"canonical\" href=\"https:\/\/www.probadmergentheim.de\/index.php\/elementor-seite-1143\/\" \/>\n<meta property=\"og:locale\" content=\"de_DE\" \/>\n<meta property=\"og:type\" content=\"article\" \/>\n<meta property=\"og:title\" content=\"Spenden - PRO Bad Mergentheim\" \/>\n<meta property=\"og:description\" content=\"Spenden Unterst\u00fctzen Sie PRO BAD MERGENTHEIM e.V. Gemeinsam f\u00fcr eine bessere Lebensqualit\u00e4t PRO BAD MERGENTHEIM e.V. setzt sich f\u00fcr die nachhaltige Verbesserung der Lebensqualit\u00e4t in Bad Mergentheim ein. Unsere Projekte reichen von sozialen und kulturellen Initiativen bis hin zu stadtgestalterischen Ma\u00dfnahmen. Mit Ihrer Spende k\u00f6nnen Sie einen direkten Beitrag zur positiven Entwicklung unserer Stadt leisten. Unsere Projekte Soziale Projekte: Unterst\u00fctzung von bed\u00fcrftigen Mitb\u00fcrgern, F\u00f6rderung von Bildungsinitiativen und soziale IntegrationKulturelle Projekte: Organisation von kulturellen Veranstaltungen, F\u00f6rderung lokaler K\u00fcnstler und Erhalt des kulturellen ErbesStadtgestalterische Projekte: Versch\u00f6nerung \u00f6ffentlicher Pl\u00e4tze, F\u00f6rderung nachhaltiger Stadtentwicklung und Verbesserung der Infrastruktur Warum spenden? Als F\u00f6rderverein sind wir auf Spenden angewiesen. Wir freuen uns \u00fcber jede Spende, sei sie von privaten Personen, Gruppen oder Unternehmen, die die Realisierung unserer Ziele unterst\u00fctzen wollen. Da unser Verein gemeinn\u00fctzig ist, sind die Spenden aufgrund der ausgestellten Spendenbescheinigung steuerlich absetzbar. Bankverbindung Name: PRO Bad Mergentheim e.V.IBAN: DE 6739 0000 0003 718808 Transparenz und Vertrauen Wir legen gro\u00dfen Wert auf Transparenz. \u00dcber den Fortschritt unserer Projekte und die Verwendung der Spenden informieren wir regelm\u00e4\u00dfig auf unserer Website, \u00fcber soziale Medien und in unseren Veranstaltungen. So k\u00f6nnen Sie spenden Bank\u00fcberweisung: \u00dcberweisen Sie Ihre Spende direkt auf unser KontoSachspenden: Kontaktieren Sie uns f\u00fcr Informationen zu Sachspenden Gemeinsam f\u00fcr Bad Mergentheim Jede Spende z\u00e4hlt und bringt uns unserem Ziel n\u00e4her, Bad Mergentheim zu einem noch lebenswerteren Ort zu machen. Vielen Dank f\u00fcr Ihre Unterst\u00fctzung!\" \/>\n<meta property=\"og:url\" content=\"https:\/\/www.probadmergentheim.de\/index.php\/elementor-seite-1143\/\" \/>\n<meta property=\"og:site_name\" content=\"PRO Bad Mergentheim\" \/>\n<meta property=\"article:modified_time\" content=\"2025-04-24T07:53:21+00:00\" \/>\n<meta name=\"twitter:card\" content=\"summary_large_image\" \/>\n<meta name=\"twitter:label1\" content=\"Gesch\u00e4tzte Lesezeit\" \/>\n\t<meta name=\"twitter:data1\" content=\"2\u00a0Minuten\" \/>\n<script type=\"application\/ld+json\" class=\"yoast-schema-graph\">{\"@context\":\"https:\/\/schema.org\",\"@graph\":[{\"@type\":\"WebPage\",\"@id\":\"https:\/\/www.probadmergentheim.de\/index.php\/elementor-seite-1143\/\",\"url\":\"https:\/\/www.probadmergentheim.de\/index.php\/elementor-seite-1143\/\",\"name\":\"Spenden - PRO Bad Mergentheim\",\"isPartOf\":{\"@id\":\"https:\/\/www.probadmergentheim.de\/#website\"},\"datePublished\":\"2025-04-16T18:02:21+00:00\",\"dateModified\":\"2025-04-24T07:53:21+00:00\",\"breadcrumb\":{\"@id\":\"https:\/\/www.probadmergentheim.de\/index.php\/elementor-seite-1143\/#breadcrumb\"},\"inLanguage\":\"de\",\"potentialAction\":[{\"@type\":\"ReadAction\",\"target\":[\"https:\/\/www.probadmergentheim.de\/index.php\/elementor-seite-1143\/\"]}]},{\"@type\":\"BreadcrumbList\",\"@id\":\"https:\/\/www.probadmergentheim.de\/index.php\/elementor-seite-1143\/#breadcrumb\",\"itemListElement\":[{\"@type\":\"ListItem\",\"position\":1,\"name\":\"Startseite\",\"item\":\"https:\/\/www.probadmergentheim.de\/\"},{\"@type\":\"ListItem\",\"position\":2,\"name\":\"Spenden\"}]},{\"@type\":\"WebSite\",\"@id\":\"https:\/\/www.probadmergentheim.de\/#website\",\"url\":\"https:\/\/www.probadmergentheim.de\/\",\"name\":\"PRO Bad Mergentheim\",\"description\":\"Die Zukunftsmacher\",\"publisher\":{\"@id\":\"https:\/\/www.probadmergentheim.de\/#organization\"},\"potentialAction\":[{\"@type\":\"SearchAction\",\"target\":{\"@type\":\"EntryPoint\",\"urlTemplate\":\"https:\/\/www.probadmergentheim.de\/?s={search_term_string}\"},\"query-input\":{\"@type\":\"PropertyValueSpecification\",\"valueRequired\":true,\"valueName\":\"search_term_string\"}}],\"inLanguage\":\"de\"},{\"@type\":\"Organization\",\"@id\":\"https:\/\/www.probadmergentheim.de\/#organization\",\"name\":\"PRO Bad Mergentheim\",\"url\":\"https:\/\/www.probadmergentheim.de\/\",\"logo\":{\"@type\":\"ImageObject\",\"inLanguage\":\"de\",\"@id\":\"https:\/\/www.probadmergentheim.de\/#\/schema\/logo\/image\/\",\"url\":\"https:\/\/www.probadmergentheim.de\/wp-content\/uploads\/2024\/04\/cropped-pro-MGH_DieZukunftsmacher_Logo-02-scaled-1.jpg\",\"contentUrl\":\"https:\/\/www.probadmergentheim.de\/wp-content\/uploads\/2024\/04\/cropped-pro-MGH_DieZukunftsmacher_Logo-02-scaled-1.jpg\",\"width\":2560,\"height\":1539,\"caption\":\"PRO Bad Mergentheim\"},\"image\":{\"@id\":\"https:\/\/www.probadmergentheim.de\/#\/schema\/logo\/image\/\"}}]}<\/script>\n<!-- \/ Yoast SEO plugin. -->","yoast_head_json":{"title":"Spenden - PRO Bad Mergentheim","robots":{"index":"index","follow":"follow","max-snippet":"max-snippet:-1","max-image-preview":"max-image-preview:large","max-video-preview":"max-video-preview:-1"},"canonical":"https:\/\/www.probadmergentheim.de\/index.php\/elementor-seite-1143\/","og_locale":"de_DE","og_type":"article","og_title":"Spenden - PRO Bad Mergentheim","og_description":"Spenden Unterst\u00fctzen Sie PRO BAD MERGENTHEIM e.V. Gemeinsam f\u00fcr eine bessere Lebensqualit\u00e4t PRO BAD MERGENTHEIM e.V. setzt sich f\u00fcr die nachhaltige Verbesserung der Lebensqualit\u00e4t in Bad Mergentheim ein. Unsere Projekte reichen von sozialen und kulturellen Initiativen bis hin zu stadtgestalterischen Ma\u00dfnahmen. Mit Ihrer Spende k\u00f6nnen Sie einen direkten Beitrag zur positiven Entwicklung unserer Stadt leisten. Unsere Projekte Soziale Projekte: Unterst\u00fctzung von bed\u00fcrftigen Mitb\u00fcrgern, F\u00f6rderung von Bildungsinitiativen und soziale IntegrationKulturelle Projekte: Organisation von kulturellen Veranstaltungen, F\u00f6rderung lokaler K\u00fcnstler und Erhalt des kulturellen ErbesStadtgestalterische Projekte: Versch\u00f6nerung \u00f6ffentlicher Pl\u00e4tze, F\u00f6rderung nachhaltiger Stadtentwicklung und Verbesserung der Infrastruktur Warum spenden? Als F\u00f6rderverein sind wir auf Spenden angewiesen. Wir freuen uns \u00fcber jede Spende, sei sie von privaten Personen, Gruppen oder Unternehmen, die die Realisierung unserer Ziele unterst\u00fctzen wollen. Da unser Verein gemeinn\u00fctzig ist, sind die Spenden aufgrund der ausgestellten Spendenbescheinigung steuerlich absetzbar. Bankverbindung Name: PRO Bad Mergentheim e.V.IBAN: DE 6739 0000 0003 718808 Transparenz und Vertrauen Wir legen gro\u00dfen Wert auf Transparenz. \u00dcber den Fortschritt unserer Projekte und die Verwendung der Spenden informieren wir regelm\u00e4\u00dfig auf unserer Website, \u00fcber soziale Medien und in unseren Veranstaltungen. So k\u00f6nnen Sie spenden Bank\u00fcberweisung: \u00dcberweisen Sie Ihre Spende direkt auf unser KontoSachspenden: Kontaktieren Sie uns f\u00fcr Informationen zu Sachspenden Gemeinsam f\u00fcr Bad Mergentheim Jede Spende z\u00e4hlt und bringt uns unserem Ziel n\u00e4her, Bad Mergentheim zu einem noch lebenswerteren Ort zu machen. Vielen Dank f\u00fcr Ihre Unterst\u00fctzung!","og_url":"https:\/\/www.probadmergentheim.de\/index.php\/elementor-seite-1143\/","og_site_name":"PRO Bad Mergentheim","article_modified_time":"2025-04-24T07:53:21+00:00","twitter_card":"summary_large_image","twitter_misc":{"Gesch\u00e4tzte Lesezeit":"2\u00a0Minuten"},"schema":{"@context":"https:\/\/schema.org","@graph":[{"@type":"WebPage","@id":"https:\/\/www.probadmergentheim.de\/index.php\/elementor-seite-1143\/","url":"https:\/\/www.probadmergentheim.de\/index.php\/elementor-seite-1143\/","name":"Spenden - PRO Bad Mergentheim","isPartOf":{"@id":"https:\/\/www.probadmergentheim.de\/#website"},"datePublished":"2025-04-16T18:02:21+00:00","dateModified":"2025-04-24T07:53:21+00:00","breadcrumb":{"@id":"https:\/\/www.probadmergentheim.de\/index.php\/elementor-seite-1143\/#breadcrumb"},"inLanguage":"de","potentialAction":[{"@type":"ReadAction","target":["https:\/\/www.probadmergentheim.de\/index.php\/elementor-seite-1143\/"]}]},{"@type":"BreadcrumbList","@id":"https:\/\/www.probadmergentheim.de\/index.php\/elementor-seite-1143\/#breadcrumb","itemListElement":[{"@type":"ListItem","position":1,"name":"Startseite","item":"https:\/\/www.probadmergentheim.de\/"},{"@type":"ListItem","position":2,"name":"Spenden"}]},{"@type":"WebSite","@id":"https:\/\/www.probadmergentheim.de\/#website","url":"https:\/\/www.probadmergentheim.de\/","name":"PRO Bad Mergentheim","description":"Die Zukunftsmacher","publisher":{"@id":"https:\/\/www.probadmergentheim.de\/#organization"},"potentialAction":[{"@type":"SearchAction","target":{"@type":"EntryPoint","urlTemplate":"https:\/\/www.probadmergentheim.de\/?s={search_term_string}"},"query-input":{"@type":"PropertyValueSpecification","valueRequired":true,"valueName":"search_term_string"}}],"inLanguage":"de"},{"@type":"Organization","@id":"https:\/\/www.probadmergentheim.de\/#organization","name":"PRO Bad Mergentheim","url":"https:\/\/www.probadmergentheim.de\/","logo":{"@type":"ImageObject","inLanguage":"de","@id":"https:\/\/www.probadmergentheim.de\/#\/schema\/logo\/image\/","url":"https:\/\/www.probadmergentheim.de\/wp-content\/uploads\/2024\/04\/cropped-pro-MGH_DieZukunftsmacher_Logo-02-scaled-1.jpg","contentUrl":"https:\/\/www.probadmergentheim.de\/wp-content\/uploads\/2024\/04\/cropped-pro-MGH_DieZukunftsmacher_Logo-02-scaled-1.jpg","width":2560,"height":1539,"caption":"PRO Bad Mergentheim"},"image":{"@id":"https:\/\/www.probadmergentheim.de\/#\/schema\/logo\/image\/"}}]}},"jetpack_sharing_enabled":true,"_links":{"self":[{"href":"https:\/\/www.probadmergentheim.de\/index.php\/wp-json\/wp\/v2\/pages\/1143","targetHints":{"allow":["GET"]}}],"collection":[{"href":"https:\/\/www.probadmergentheim.de\/index.php\/wp-json\/wp\/v2\/pages"}],"about":[{"href":"https:\/\/www.probadmergentheim.de\/index.php\/wp-json\/wp\/v2\/types\/page"}],"author":[{"embeddable":true,"href":"https:\/\/www.probadmergentheim.de\/index.php\/wp-json\/wp\/v2\/users\/7"}],"replies":[{"embeddable":true,"href":"https:\/\/www.probadmergentheim.de\/index.php\/wp-json\/wp\/v2\/comments?post=1143"}],"version-history":[{"count":20,"href":"https:\/\/www.probadmergentheim.de\/index.php\/wp-json\/wp\/v2\/pages\/1143\/revisions"}],"predecessor-version":[{"id":1206,"href":"https:\/\/www.probadmergentheim.de\/index.php\/wp-json\/wp\/v2\/pages\/1143\/revisions\/1206"}],"wp:attachment":[{"href":"https:\/\/www.probadmergentheim.de\/index.php\/wp-json\/wp\/v2\/media?parent=1143"}],"curies":[{"name":"wp","href":"https:\/\/api.w.org\/{rel}","templated":true}]}}