{"id":336,"date":"2024-04-22T14:29:29","date_gmt":"2024-04-22T12:29:29","guid":{"rendered":"https:\/\/www.probadmergentheim.de\/index.php\/home\/"},"modified":"2025-04-17T09:55:33","modified_gmt":"2025-04-17T07:55:33","slug":"home","status":"publish","type":"page","link":"https:\/\/www.probadmergentheim.de\/index.php\/home\/","title":{"rendered":"Kontaktformular"},"content":{"rendered":"\t\t<div data-elementor-type=\"wp-page\" data-elementor-id=\"336\" class=\"elementor elementor-336\" data-elementor-post-type=\"page\">\n\t\t\t\t<div class=\"elementor-element elementor-element-c01fa55 e-flex e-con-boxed wpr-particle-no wpr-jarallax-no wpr-parallax-no wpr-sticky-section-no e-con e-parent\" data-id=\"c01fa55\" data-element_type=\"container\">\n\t\t\t\t\t<div class=\"e-con-inner\">\n\t\t\t\t<div class=\"elementor-element elementor-element-b6e34b7 elementor-widget elementor-widget-spacer\" data-id=\"b6e34b7\" data-element_type=\"widget\" data-widget_type=\"spacer.default\">\n\t\t\t\t<div class=\"elementor-widget-container\">\n\t\t\t\t\t\t\t<div class=\"elementor-spacer\">\n\t\t\t<div class=\"elementor-spacer-inner\"><\/div>\n\t\t<\/div>\n\t\t\t\t\t\t<\/div>\n\t\t\t\t<\/div>\n\t\t\t\t<div class=\"elementor-element elementor-element-1687301 elementor-widget elementor-widget-heading\" data-id=\"1687301\" data-element_type=\"widget\" data-widget_type=\"heading.default\">\n\t\t\t\t<div class=\"elementor-widget-container\">\n\t\t\t\t\t<h2 class=\"elementor-heading-title elementor-size-default\">Kontakt<\/h2>\t\t\t\t<\/div>\n\t\t\t\t<\/div>\n\t\t\t\t\t<\/div>\n\t\t\t\t<\/div>\n\t\t<div class=\"elementor-element elementor-element-2cf81b3 e-grid e-con-boxed wpr-particle-no wpr-jarallax-no wpr-parallax-no wpr-sticky-section-no e-con e-parent\" data-id=\"2cf81b3\" data-element_type=\"container\">\n\t\t\t\t\t<div class=\"e-con-inner\">\n\t\t\t\t<div class=\"elementor-element elementor-element-147dd86 elementor-widget elementor-widget-text-editor\" data-id=\"147dd86\" data-element_type=\"widget\" data-widget_type=\"text-editor.default\">\n\t\t\t\t<div class=\"elementor-widget-container\">\n\t\t\t\t\t\t\t\t\t<p>Willkommen beim F\u00f6rderverein PRO Bad Mergentheim e.V.<\/p><p><span style=\"color: var( --e-global-color-text ); font-family: var( --e-global-typography-text-font-family ), Sans-serif; font-size: var( --e-global-typography-text-font-size ); font-style: var( --e-global-typography-text-font-style ); font-weight: var( --e-global-typography-text-font-weight ); letter-spacing: var( --e-global-typography-text-letter-spacing ); text-transform: var( --e-global-typography-text-text-transform ); text-align: var(--text-align);\">Wir freuen uns sehr, dass du unseren Kontaktbereich besuchst. Deine Meinungen, Ideen und Anfragen sind uns sehr wichtig, da du uns dabei hilfst, unser Engagement f\u00fcr Bad Mergentheim st\u00e4ndig zu verbessern und zu erweitern.<\/span><\/p><p><span style=\"color: var( --e-global-color-text ); font-family: var( --e-global-typography-text-font-family ), Sans-serif; font-size: var( --e-global-typography-text-font-size ); font-style: var( --e-global-typography-text-font-style ); font-weight: var( --e-global-typography-text-font-weight ); letter-spacing: var( --e-global-typography-text-letter-spacing ); text-transform: var( --e-global-typography-text-text-transform ); text-align: var(--text-align);\">Hier kannst du uns Fragen stellen, Feedback geben oder uns auch gerne eine Nachricht hinterlassen, solltest du an einer Mitarbeit interessiert sein.<\/span><\/p><p>Bitte f\u00fclle das nebenstehende Formular aus und wir werden uns so schnell wie m\u00f6glich bei dir melden.<\/p><p><span style=\"color: var( --e-global-color-text ); font-family: var( --e-global-typography-text-font-family ), Sans-serif; font-size: var( --e-global-typography-text-font-size ); font-style: var( --e-global-typography-text-font-style ); font-weight: var( --e-global-typography-text-font-weight ); letter-spacing: var( --e-global-typography-text-letter-spacing ); text-transform: var( --e-global-typography-text-text-transform ); text-align: var(--text-align);\">Wir sch\u00e4tzen deine Unterst\u00fctzung und dein Interesse an Bad Mergentheim sehr. Gemeinsam k\u00f6nnen wir viel erreichen!<\/span><\/p><p><span style=\"color: var( --e-global-color-text ); font-family: var( --e-global-typography-text-font-family ), Sans-serif; font-size: var( --e-global-typography-text-font-size ); font-style: var( --e-global-typography-text-font-style ); font-weight: var( --e-global-typography-text-font-weight ); letter-spacing: var( --e-global-typography-text-letter-spacing ); text-transform: var( --e-global-typography-text-text-transform ); text-align: var(--text-align);\">Herzliche Gr\u00fc\u00dfe,<\/span><\/p><p><span style=\"color: var( --e-global-color-text ); font-family: var( --e-global-typography-text-font-family ), Sans-serif; font-size: var( --e-global-typography-text-font-size ); font-style: var( --e-global-typography-text-font-style ); font-weight: var( --e-global-typography-text-font-weight ); letter-spacing: var( --e-global-typography-text-letter-spacing ); text-transform: var( --e-global-typography-text-text-transform ); text-align: var(--text-align);\">PRO Bad Mergentheim e.V.<\/span><\/p>\t\t\t\t\t\t\t\t<\/div>\n\t\t\t\t<\/div>\n\t\t\t\t<div class=\"elementor-element elementor-element-f9a0602 elementor-button-align-stretch elementor-widget elementor-widget-form\" data-id=\"f9a0602\" data-element_type=\"widget\" data-settings=\"{&quot;button_width&quot;:&quot;20&quot;,&quot;step_next_label&quot;:&quot;Next&quot;,&quot;step_previous_label&quot;:&quot;Previous&quot;,&quot;step_type&quot;:&quot;number_text&quot;,&quot;step_icon_shape&quot;:&quot;circle&quot;}\" data-widget_type=\"form.default\">\n\t\t\t\t<div class=\"elementor-widget-container\">\n\t\t\t\t\t\t\t<form class=\"elementor-form\" method=\"post\" name=\"New Form\">\n\t\t\t<input type=\"hidden\" name=\"post_id\" value=\"336\"\/>\n\t\t\t<input type=\"hidden\" name=\"form_id\" value=\"f9a0602\"\/>\n\t\t\t<input type=\"hidden\" name=\"referer_title\" value=\"PRO Bad Mergentheim\" \/>\n\n\t\t\t\n\t\t\t<div class=\"elementor-form-fields-wrapper elementor-labels-above\">\n\t\t\t\t\t\t\t\t<div class=\"elementor-field-type-text elementor-field-group elementor-column elementor-field-group-name elementor-col-100 elementor-field-required elementor-mark-required\">\n\t\t\t\t\t\t\t\t\t\t\t\t<label for=\"form-field-name\" class=\"elementor-field-label\">\n\t\t\t\t\t\t\t\tName\t\t\t\t\t\t\t<\/label>\n\t\t\t\t\t\t\t\t\t\t\t\t\t\t<input size=\"1\" type=\"text\" name=\"form_fields[name]\" id=\"form-field-name\" class=\"elementor-field elementor-size-sm  elementor-field-textual\" placeholder=\"Vollst\u00e4ndiger Name\" required=\"required\">\n\t\t\t\t\t\t\t\t\t\t\t<\/div>\n\t\t\t\t\t\t\t\t<div class=\"elementor-field-type-email elementor-field-group elementor-column elementor-field-group-email elementor-col-100 elementor-field-required elementor-mark-required\">\n\t\t\t\t\t\t\t\t\t\t\t\t<label for=\"form-field-email\" class=\"elementor-field-label\">\n\t\t\t\t\t\t\t\tE-Mail\t\t\t\t\t\t\t<\/label>\n\t\t\t\t\t\t\t\t\t\t\t\t\t\t<input size=\"1\" type=\"email\" name=\"form_fields[email]\" id=\"form-field-email\" class=\"elementor-field elementor-size-sm  elementor-field-textual\" placeholder=\"Bitte gebe deine E-Mail Adresse an\" required=\"required\">\n\t\t\t\t\t\t\t\t\t\t\t<\/div>\n\t\t\t\t\t\t\t\t<div class=\"elementor-field-type-textarea elementor-field-group elementor-column elementor-field-group-message elementor-col-100 elementor-field-required elementor-mark-required\">\n\t\t\t\t\t\t\t\t\t\t\t\t<label for=\"form-field-message\" class=\"elementor-field-label\">\n\t\t\t\t\t\t\t\tNachricht\t\t\t\t\t\t\t<\/label>\n\t\t\t\t\t\t<textarea class=\"elementor-field-textual elementor-field  elementor-size-sm\" name=\"form_fields[message]\" id=\"form-field-message\" rows=\"4\" placeholder=\"Deine Nachricht an uns\" required=\"required\"><\/textarea>\t\t\t\t<\/div>\n\t\t\t\t\t\t\t\t<div class=\"elementor-field-group elementor-column elementor-field-type-submit elementor-col-20 e-form__buttons\">\n\t\t\t\t\t<button class=\"elementor-button elementor-size-xs\" type=\"submit\">\n\t\t\t\t\t\t<span class=\"elementor-button-content-wrapper\">\n\t\t\t\t\t\t\t\t\t\t\t\t\t\t\t<span class=\"elementor-button-icon\">\n\t\t\t\t\t\t\t\t\t<svg aria-hidden=\"true\" class=\"e-font-icon-svg e-far-envelope\" viewBox=\"0 0 512 512\" xmlns=\"http:\/\/www.w3.org\/2000\/svg\"><path d=\"M464 64H48C21.49 64 0 85.49 0 112v288c0 26.51 21.49 48 48 48h416c26.51 0 48-21.49 48-48V112c0-26.51-21.49-48-48-48zm0 48v40.805c-22.422 18.259-58.168 46.651-134.587 106.49-16.841 13.247-50.201 45.072-73.413 44.701-23.208.375-56.579-31.459-73.413-44.701C106.18 199.465 70.425 171.067 48 152.805V112h416zM48 400V214.398c22.914 18.251 55.409 43.862 104.938 82.646 21.857 17.205 60.134 55.186 103.062 54.955 42.717.231 80.509-37.199 103.053-54.947 49.528-38.783 82.032-64.401 104.947-82.653V400H48z\"><\/path><\/svg>\t\t\t\t\t\t\t\t\t\t\t\t\t\t\t\t\t<\/span>\n\t\t\t\t\t\t\t\t\t\t\t\t\t\t\t\t\t\t\t\t\t\t<span class=\"elementor-button-text\">Senden<\/span>\n\t\t\t\t\t\t\t\t\t\t\t\t\t<\/span>\n\t\t\t\t\t<\/button>\n\t\t\t\t<\/div>\n\t\t\t<\/div>\n\t\t<\/form>\n\t\t\t\t\t\t<\/div>\n\t\t\t\t<\/div>\n\t\t\t\t\t<\/div>\n\t\t\t\t<\/div>\n\t\t\t\t<\/div>\n\t\t","protected":false},"excerpt":{"rendered":"<p>Kontakt Willkommen beim F\u00f6rderverein PRO Bad Mergentheim e.V. Wir freuen uns sehr, dass du unseren Kontaktbereich besuchst. Deine Meinungen, Ideen und Anfragen sind uns sehr wichtig, da du uns dabei hilfst, unser Engagement f\u00fcr Bad Mergentheim st\u00e4ndig zu verbessern und zu erweitern. Hier kannst du uns Fragen stellen, Feedback geben oder uns auch gerne eine Nachricht hinterlassen, solltest du an einer Mitarbeit interessiert sein. Bitte f\u00fclle das nebenstehende Formular aus und wir werden uns so schnell wie m\u00f6glich bei dir melden. Wir sch\u00e4tzen deine Unterst\u00fctzung und dein Interesse an Bad Mergentheim sehr. Gemeinsam k\u00f6nnen wir viel erreichen! Herzliche Gr\u00fc\u00dfe, PRO Bad Mergentheim e.V.<\/p>\n","protected":false},"author":6,"featured_media":0,"parent":0,"menu_order":0,"comment_status":"closed","ping_status":"closed","template":"elementor_header_footer","meta":{"footnotes":""},"class_list":["post-336","page","type-page","status-publish","hentry"],"yoast_head":"<!-- This site is optimized with the Yoast SEO plugin v24.9 - https:\/\/yoast.com\/wordpress\/plugins\/seo\/ -->\n<title>Kontaktformular - PRO Bad Mergentheim<\/title>\n<meta name=\"robots\" content=\"index, follow, max-snippet:-1, max-image-preview:large, max-video-preview:-1\" \/>\n<link rel=\"canonical\" href=\"https:\/\/www.probadmergentheim.de\/index.php\/home\/\" \/>\n<meta property=\"og:locale\" content=\"de_DE\" \/>\n<meta property=\"og:type\" content=\"article\" \/>\n<meta property=\"og:title\" content=\"Kontaktformular - PRO Bad Mergentheim\" \/>\n<meta property=\"og:description\" content=\"Kontakt Willkommen beim F\u00f6rderverein PRO Bad Mergentheim e.V. Wir freuen uns sehr, dass du unseren Kontaktbereich besuchst. Deine Meinungen, Ideen und Anfragen sind uns sehr wichtig, da du uns dabei hilfst, unser Engagement f\u00fcr Bad Mergentheim st\u00e4ndig zu verbessern und zu erweitern. Hier kannst du uns Fragen stellen, Feedback geben oder uns auch gerne eine Nachricht hinterlassen, solltest du an einer Mitarbeit interessiert sein. Bitte f\u00fclle das nebenstehende Formular aus und wir werden uns so schnell wie m\u00f6glich bei dir melden. Wir sch\u00e4tzen deine Unterst\u00fctzung und dein Interesse an Bad Mergentheim sehr. Gemeinsam k\u00f6nnen wir viel erreichen! Herzliche Gr\u00fc\u00dfe, PRO Bad Mergentheim e.V.\" \/>\n<meta property=\"og:url\" content=\"https:\/\/www.probadmergentheim.de\/index.php\/home\/\" \/>\n<meta property=\"og:site_name\" content=\"PRO Bad Mergentheim\" \/>\n<meta property=\"article:modified_time\" content=\"2025-04-17T07:55:33+00:00\" \/>\n<meta name=\"twitter:card\" content=\"summary_large_image\" \/>\n<meta name=\"twitter:label1\" content=\"Gesch\u00e4tzte Lesezeit\" \/>\n\t<meta name=\"twitter:data1\" content=\"1\u00a0Minute\" \/>\n<script type=\"application\/ld+json\" class=\"yoast-schema-graph\">{\"@context\":\"https:\/\/schema.org\",\"@graph\":[{\"@type\":\"WebPage\",\"@id\":\"https:\/\/www.probadmergentheim.de\/index.php\/home\/\",\"url\":\"https:\/\/www.probadmergentheim.de\/index.php\/home\/\",\"name\":\"Kontaktformular - PRO Bad Mergentheim\",\"isPartOf\":{\"@id\":\"https:\/\/www.probadmergentheim.de\/#website\"},\"datePublished\":\"2024-04-22T12:29:29+00:00\",\"dateModified\":\"2025-04-17T07:55:33+00:00\",\"breadcrumb\":{\"@id\":\"https:\/\/www.probadmergentheim.de\/index.php\/home\/#breadcrumb\"},\"inLanguage\":\"de\",\"potentialAction\":[{\"@type\":\"ReadAction\",\"target\":[\"https:\/\/www.probadmergentheim.de\/index.php\/home\/\"]}]},{\"@type\":\"BreadcrumbList\",\"@id\":\"https:\/\/www.probadmergentheim.de\/index.php\/home\/#breadcrumb\",\"itemListElement\":[{\"@type\":\"ListItem\",\"position\":1,\"name\":\"Startseite\",\"item\":\"https:\/\/www.probadmergentheim.de\/\"},{\"@type\":\"ListItem\",\"position\":2,\"name\":\"Kontaktformular\"}]},{\"@type\":\"WebSite\",\"@id\":\"https:\/\/www.probadmergentheim.de\/#website\",\"url\":\"https:\/\/www.probadmergentheim.de\/\",\"name\":\"PRO Bad Mergentheim\",\"description\":\"Die Zukunftsmacher\",\"publisher\":{\"@id\":\"https:\/\/www.probadmergentheim.de\/#organization\"},\"potentialAction\":[{\"@type\":\"SearchAction\",\"target\":{\"@type\":\"EntryPoint\",\"urlTemplate\":\"https:\/\/www.probadmergentheim.de\/?s={search_term_string}\"},\"query-input\":{\"@type\":\"PropertyValueSpecification\",\"valueRequired\":true,\"valueName\":\"search_term_string\"}}],\"inLanguage\":\"de\"},{\"@type\":\"Organization\",\"@id\":\"https:\/\/www.probadmergentheim.de\/#organization\",\"name\":\"PRO Bad Mergentheim\",\"url\":\"https:\/\/www.probadmergentheim.de\/\",\"logo\":{\"@type\":\"ImageObject\",\"inLanguage\":\"de\",\"@id\":\"https:\/\/www.probadmergentheim.de\/#\/schema\/logo\/image\/\",\"url\":\"https:\/\/www.probadmergentheim.de\/wp-content\/uploads\/2024\/04\/cropped-pro-MGH_DieZukunftsmacher_Logo-02-scaled-1.jpg\",\"contentUrl\":\"https:\/\/www.probadmergentheim.de\/wp-content\/uploads\/2024\/04\/cropped-pro-MGH_DieZukunftsmacher_Logo-02-scaled-1.jpg\",\"width\":2560,\"height\":1539,\"caption\":\"PRO Bad Mergentheim\"},\"image\":{\"@id\":\"https:\/\/www.probadmergentheim.de\/#\/schema\/logo\/image\/\"}}]}<\/script>\n<!-- \/ Yoast SEO plugin. -->","yoast_head_json":{"title":"Kontaktformular - PRO Bad Mergentheim","robots":{"index":"index","follow":"follow","max-snippet":"max-snippet:-1","max-image-preview":"max-image-preview:large","max-video-preview":"max-video-preview:-1"},"canonical":"https:\/\/www.probadmergentheim.de\/index.php\/home\/","og_locale":"de_DE","og_type":"article","og_title":"Kontaktformular - PRO Bad Mergentheim","og_description":"Kontakt Willkommen beim F\u00f6rderverein PRO Bad Mergentheim e.V. Wir freuen uns sehr, dass du unseren Kontaktbereich besuchst. Deine Meinungen, Ideen und Anfragen sind uns sehr wichtig, da du uns dabei hilfst, unser Engagement f\u00fcr Bad Mergentheim st\u00e4ndig zu verbessern und zu erweitern. Hier kannst du uns Fragen stellen, Feedback geben oder uns auch gerne eine Nachricht hinterlassen, solltest du an einer Mitarbeit interessiert sein. Bitte f\u00fclle das nebenstehende Formular aus und wir werden uns so schnell wie m\u00f6glich bei dir melden. Wir sch\u00e4tzen deine Unterst\u00fctzung und dein Interesse an Bad Mergentheim sehr. Gemeinsam k\u00f6nnen wir viel erreichen! Herzliche Gr\u00fc\u00dfe, PRO Bad Mergentheim e.V.","og_url":"https:\/\/www.probadmergentheim.de\/index.php\/home\/","og_site_name":"PRO Bad Mergentheim","article_modified_time":"2025-04-17T07:55:33+00:00","twitter_card":"summary_large_image","twitter_misc":{"Gesch\u00e4tzte Lesezeit":"1\u00a0Minute"},"schema":{"@context":"https:\/\/schema.org","@graph":[{"@type":"WebPage","@id":"https:\/\/www.probadmergentheim.de\/index.php\/home\/","url":"https:\/\/www.probadmergentheim.de\/index.php\/home\/","name":"Kontaktformular - PRO Bad Mergentheim","isPartOf":{"@id":"https:\/\/www.probadmergentheim.de\/#website"},"datePublished":"2024-04-22T12:29:29+00:00","dateModified":"2025-04-17T07:55:33+00:00","breadcrumb":{"@id":"https:\/\/www.probadmergentheim.de\/index.php\/home\/#breadcrumb"},"inLanguage":"de","potentialAction":[{"@type":"ReadAction","target":["https:\/\/www.probadmergentheim.de\/index.php\/home\/"]}]},{"@type":"BreadcrumbList","@id":"https:\/\/www.probadmergentheim.de\/index.php\/home\/#breadcrumb","itemListElement":[{"@type":"ListItem","position":1,"name":"Startseite","item":"https:\/\/www.probadmergentheim.de\/"},{"@type":"ListItem","position":2,"name":"Kontaktformular"}]},{"@type":"WebSite","@id":"https:\/\/www.probadmergentheim.de\/#website","url":"https:\/\/www.probadmergentheim.de\/","name":"PRO Bad Mergentheim","description":"Die Zukunftsmacher","publisher":{"@id":"https:\/\/www.probadmergentheim.de\/#organization"},"potentialAction":[{"@type":"SearchAction","target":{"@type":"EntryPoint","urlTemplate":"https:\/\/www.probadmergentheim.de\/?s={search_term_string}"},"query-input":{"@type":"PropertyValueSpecification","valueRequired":true,"valueName":"search_term_string"}}],"inLanguage":"de"},{"@type":"Organization","@id":"https:\/\/www.probadmergentheim.de\/#organization","name":"PRO Bad Mergentheim","url":"https:\/\/www.probadmergentheim.de\/","logo":{"@type":"ImageObject","inLanguage":"de","@id":"https:\/\/www.probadmergentheim.de\/#\/schema\/logo\/image\/","url":"https:\/\/www.probadmergentheim.de\/wp-content\/uploads\/2024\/04\/cropped-pro-MGH_DieZukunftsmacher_Logo-02-scaled-1.jpg","contentUrl":"https:\/\/www.probadmergentheim.de\/wp-content\/uploads\/2024\/04\/cropped-pro-MGH_DieZukunftsmacher_Logo-02-scaled-1.jpg","width":2560,"height":1539,"caption":"PRO Bad Mergentheim"},"image":{"@id":"https:\/\/www.probadmergentheim.de\/#\/schema\/logo\/image\/"}}]}},"jetpack_sharing_enabled":true,"_links":{"self":[{"href":"https:\/\/www.probadmergentheim.de\/index.php\/wp-json\/wp\/v2\/pages\/336","targetHints":{"allow":["GET"]}}],"collection":[{"href":"https:\/\/www.probadmergentheim.de\/index.php\/wp-json\/wp\/v2\/pages"}],"about":[{"href":"https:\/\/www.probadmergentheim.de\/index.php\/wp-json\/wp\/v2\/types\/page"}],"author":[{"embeddable":true,"href":"https:\/\/www.probadmergentheim.de\/index.php\/wp-json\/wp\/v2\/users\/6"}],"replies":[{"embeddable":true,"href":"https:\/\/www.probadmergentheim.de\/index.php\/wp-json\/wp\/v2\/comments?post=336"}],"version-history":[{"count":56,"href":"https:\/\/www.probadmergentheim.de\/index.php\/wp-json\/wp\/v2\/pages\/336\/revisions"}],"predecessor-version":[{"id":1194,"href":"https:\/\/www.probadmergentheim.de\/index.php\/wp-json\/wp\/v2\/pages\/336\/revisions\/1194"}],"wp:attachment":[{"href":"https:\/\/www.probadmergentheim.de\/index.php\/wp-json\/wp\/v2\/media?parent=336"}],"curies":[{"name":"wp","href":"https:\/\/api.w.org\/{rel}","templated":true}]}}