{"id":655,"date":"2024-04-24T12:23:10","date_gmt":"2024-04-24T10:23:10","guid":{"rendered":"https:\/\/www.probadmergentheim.de\/?page_id=655"},"modified":"2025-04-16T20:18:18","modified_gmt":"2025-04-16T18:18:18","slug":"home-2","status":"publish","type":"page","link":"https:\/\/www.probadmergentheim.de\/","title":{"rendered":"Home"},"content":{"rendered":"\t\t<div data-elementor-type=\"wp-page\" data-elementor-id=\"655\" class=\"elementor elementor-655\" data-elementor-post-type=\"page\">\n\t\t\t\t<div class=\"elementor-element elementor-element-1cf5861 e-flex e-con-boxed wpr-particle-no wpr-jarallax-no wpr-parallax-no wpr-sticky-section-no e-con e-parent\" data-id=\"1cf5861\" data-element_type=\"container\">\n\t\t\t\t\t<div class=\"e-con-inner\">\n\t\t<div class=\"elementor-element elementor-element-0d5c05b e-con-full e-flex wpr-particle-no wpr-jarallax-no wpr-parallax-no wpr-sticky-section-no e-con e-child\" data-id=\"0d5c05b\" data-element_type=\"container\">\n\t\t<div class=\"elementor-element elementor-element-eb3cacf e-con-full e-flex wpr-particle-no wpr-jarallax-no wpr-parallax-no wpr-sticky-section-no e-con e-child\" data-id=\"eb3cacf\" data-element_type=\"container\">\n\t\t\t\t<div class=\"elementor-element elementor-element-ed8136b elementor-widget elementor-widget-spacer\" data-id=\"ed8136b\" data-element_type=\"widget\" data-widget_type=\"spacer.default\">\n\t\t\t\t<div class=\"elementor-widget-container\">\n\t\t\t\t\t\t\t<div class=\"elementor-spacer\">\n\t\t\t<div class=\"elementor-spacer-inner\"><\/div>\n\t\t<\/div>\n\t\t\t\t\t\t<\/div>\n\t\t\t\t<\/div>\n\t\t\t\t<div class=\"elementor-element elementor-element-282580e elementor-widget elementor-widget-heading\" data-id=\"282580e\" data-element_type=\"widget\" data-widget_type=\"heading.default\">\n\t\t\t\t<div class=\"elementor-widget-container\">\n\t\t\t\t\t<h2 class=\"elementor-heading-title elementor-size-default\">Willkommen beim F\u00f6rderverein <\/h2>\t\t\t\t<\/div>\n\t\t\t\t<\/div>\n\t\t\t\t<div class=\"elementor-element elementor-element-44e000c elementor-widget elementor-widget-heading\" data-id=\"44e000c\" data-element_type=\"widget\" data-widget_type=\"heading.default\">\n\t\t\t\t<div class=\"elementor-widget-container\">\n\t\t\t\t\t<h2 class=\"elementor-heading-title elementor-size-default\">Pro Bad Mergentheim e.V.<\/h2>\t\t\t\t<\/div>\n\t\t\t\t<\/div>\n\t\t\t\t<\/div>\n\t\t\t\t<div class=\"elementor-element elementor-element-1c38ee1 elementor-widget elementor-widget-spacer\" data-id=\"1c38ee1\" data-element_type=\"widget\" data-widget_type=\"spacer.default\">\n\t\t\t\t<div class=\"elementor-widget-container\">\n\t\t\t\t\t\t\t<div class=\"elementor-spacer\">\n\t\t\t<div class=\"elementor-spacer-inner\"><\/div>\n\t\t<\/div>\n\t\t\t\t\t\t<\/div>\n\t\t\t\t<\/div>\n\t\t\t\t<div class=\"elementor-element elementor-element-8767157 elementor-widget elementor-widget-text-editor\" data-id=\"8767157\" data-element_type=\"widget\" data-widget_type=\"text-editor.default\">\n\t\t\t\t<div class=\"elementor-widget-container\">\n\t\t\t\t\t\t\t\t\t<p><span style=\"color: var( --e-global-color-text ); font-family: var( --e-global-typography-text-font-family ), Sans-serif; font-size: var( --e-global-typography-text-font-size ); font-style: var( --e-global-typography-text-font-style ); font-weight: var( --e-global-typography-text-font-weight ); letter-spacing: var( --e-global-typography-text-letter-spacing ); text-transform: var( --e-global-typography-text-text-transform ); text-align: var(--text-align);\">Wir sind ein eingetragener F\u00f6rderverein, der sich f\u00fcr die Belange und das Wohl unserer Stadt einsetzt. Unser Handeln ist gepr\u00e4gt von Unparteilichkeit, Transparenz und einem klaren Blick auf die Zukunft.\u00a0<\/span><\/p><p><span style=\"color: var( --e-global-color-text ); font-family: var( --e-global-typography-text-font-family ), Sans-serif; font-size: var( --e-global-typography-text-font-size ); font-style: var( --e-global-typography-text-font-style ); font-weight: var( --e-global-typography-text-font-weight ); letter-spacing: var( --e-global-typography-text-letter-spacing ); text-transform: var( --e-global-typography-text-text-transform ); text-align: var(--text-align);\">Unsere Mission ist es, gemeinsam mit den B\u00fcrgerinnen und B\u00fcrgern sowie den lokalen Beh\u00f6rden und Organisationen L\u00f6sungen zu finden, die die Lebensqualit\u00e4t in Bad Mergentheim verbessern.\u00a0<\/span><\/p><p><span style=\"color: var( --e-global-color-text ); font-family: var( --e-global-typography-text-font-family ), Sans-serif; font-size: var( --e-global-typography-text-font-size ); font-style: var( --e-global-typography-text-font-style ); font-weight: var( --e-global-typography-text-font-weight ); letter-spacing: var( --e-global-typography-text-letter-spacing ); text-transform: var( --e-global-typography-text-text-transform ); text-align: var(--text-align);\">Durch offenen Dialog, konstruktive Zusammenarbeit und innovative Ideen streben wir eine lebendige und lebenswerte Stadt an, in der sich alle Einwohnerinnen und Einwohner wohlf\u00fchlen und entfalten k\u00f6nnen.<\/span><\/p><p><span style=\"color: var( --e-global-color-text ); font-family: var( --e-global-typography-text-font-family ), Sans-serif; font-size: var( --e-global-typography-text-font-size ); font-style: var( --e-global-typography-text-font-style ); font-weight: var( --e-global-typography-text-font-weight ); letter-spacing: var( --e-global-typography-text-letter-spacing ); text-transform: var( --e-global-typography-text-text-transform ); text-align: var(--text-align);\">Erfahren Sie mehr \u00fcber unsere Werte und Ziele sowie M\u00f6glichkeiten, sich aktiv einzubringen, auf unserer Website.<\/span><\/p><div>\u00a0<\/div>\t\t\t\t\t\t\t\t<\/div>\n\t\t\t\t<\/div>\n\t\t\t\t<\/div>\n\t\t\t\t\t<\/div>\n\t\t\t\t<\/div>\n\t\t\t\t<\/div>\n\t\t","protected":false},"excerpt":{"rendered":"<p>Willkommen beim F\u00f6rderverein Pro Bad Mergentheim e.V. Wir sind ein eingetragener F\u00f6rderverein, der sich f\u00fcr die Belange und das Wohl unserer Stadt einsetzt. Unser Handeln ist gepr\u00e4gt von Unparteilichkeit, Transparenz und einem klaren Blick auf die Zukunft.\u00a0 Unsere Mission ist es, gemeinsam mit den B\u00fcrgerinnen und B\u00fcrgern sowie den lokalen Beh\u00f6rden und Organisationen L\u00f6sungen zu finden, die die Lebensqualit\u00e4t in Bad Mergentheim verbessern.\u00a0 Durch offenen Dialog, konstruktive Zusammenarbeit und innovative Ideen streben wir eine lebendige und lebenswerte Stadt an, in der sich alle Einwohnerinnen und Einwohner wohlf\u00fchlen und entfalten k\u00f6nnen. Erfahren Sie mehr \u00fcber unsere Werte und Ziele sowie M\u00f6glichkeiten, sich aktiv einzubringen, auf unserer Website. \u00a0<\/p>\n","protected":false},"author":6,"featured_media":0,"parent":0,"menu_order":0,"comment_status":"closed","ping_status":"closed","template":"","meta":{"footnotes":""},"class_list":["post-655","page","type-page","status-publish","hentry"],"yoast_head":"<!-- This site is optimized with the Yoast SEO plugin v24.9 - https:\/\/yoast.com\/wordpress\/plugins\/seo\/ -->\n<title>Home - PRO Bad Mergentheim<\/title>\n<meta name=\"robots\" content=\"index, follow, max-snippet:-1, max-image-preview:large, max-video-preview:-1\" \/>\n<link rel=\"canonical\" href=\"https:\/\/www.probadmergentheim.de\/\" \/>\n<meta property=\"og:locale\" content=\"de_DE\" \/>\n<meta property=\"og:type\" content=\"article\" \/>\n<meta property=\"og:title\" content=\"Home - PRO Bad Mergentheim\" \/>\n<meta property=\"og:description\" content=\"Willkommen beim F\u00f6rderverein Pro Bad Mergentheim e.V. Wir sind ein eingetragener F\u00f6rderverein, der sich f\u00fcr die Belange und das Wohl unserer Stadt einsetzt. Unser Handeln ist gepr\u00e4gt von Unparteilichkeit, Transparenz und einem klaren Blick auf die Zukunft.\u00a0 Unsere Mission ist es, gemeinsam mit den B\u00fcrgerinnen und B\u00fcrgern sowie den lokalen Beh\u00f6rden und Organisationen L\u00f6sungen zu finden, die die Lebensqualit\u00e4t in Bad Mergentheim verbessern.\u00a0 Durch offenen Dialog, konstruktive Zusammenarbeit und innovative Ideen streben wir eine lebendige und lebenswerte Stadt an, in der sich alle Einwohnerinnen und Einwohner wohlf\u00fchlen und entfalten k\u00f6nnen. Erfahren Sie mehr \u00fcber unsere Werte und Ziele sowie M\u00f6glichkeiten, sich aktiv einzubringen, auf unserer Website. \u00a0\" \/>\n<meta property=\"og:url\" content=\"https:\/\/www.probadmergentheim.de\/\" \/>\n<meta property=\"og:site_name\" content=\"PRO Bad Mergentheim\" \/>\n<meta property=\"article:modified_time\" content=\"2025-04-16T18:18:18+00:00\" \/>\n<meta name=\"twitter:card\" content=\"summary_large_image\" \/>\n<meta name=\"twitter:label1\" content=\"Gesch\u00e4tzte Lesezeit\" \/>\n\t<meta name=\"twitter:data1\" content=\"1\u00a0Minute\" \/>\n<script type=\"application\/ld+json\" class=\"yoast-schema-graph\">{\"@context\":\"https:\/\/schema.org\",\"@graph\":[{\"@type\":\"WebPage\",\"@id\":\"https:\/\/www.probadmergentheim.de\/\",\"url\":\"https:\/\/www.probadmergentheim.de\/\",\"name\":\"Home - PRO Bad Mergentheim\",\"isPartOf\":{\"@id\":\"https:\/\/www.probadmergentheim.de\/#website\"},\"datePublished\":\"2024-04-24T10:23:10+00:00\",\"dateModified\":\"2025-04-16T18:18:18+00:00\",\"breadcrumb\":{\"@id\":\"https:\/\/www.probadmergentheim.de\/#breadcrumb\"},\"inLanguage\":\"de\",\"potentialAction\":[{\"@type\":\"ReadAction\",\"target\":[\"https:\/\/www.probadmergentheim.de\/\"]}]},{\"@type\":\"BreadcrumbList\",\"@id\":\"https:\/\/www.probadmergentheim.de\/#breadcrumb\",\"itemListElement\":[{\"@type\":\"ListItem\",\"position\":1,\"name\":\"Startseite\",\"item\":\"https:\/\/www.probadmergentheim.de\/\"},{\"@type\":\"ListItem\",\"position\":2,\"name\":\"Home\"}]},{\"@type\":\"WebSite\",\"@id\":\"https:\/\/www.probadmergentheim.de\/#website\",\"url\":\"https:\/\/www.probadmergentheim.de\/\",\"name\":\"PRO Bad Mergentheim\",\"description\":\"Die Zukunftsmacher\",\"publisher\":{\"@id\":\"https:\/\/www.probadmergentheim.de\/#organization\"},\"potentialAction\":[{\"@type\":\"SearchAction\",\"target\":{\"@type\":\"EntryPoint\",\"urlTemplate\":\"https:\/\/www.probadmergentheim.de\/?s={search_term_string}\"},\"query-input\":{\"@type\":\"PropertyValueSpecification\",\"valueRequired\":true,\"valueName\":\"search_term_string\"}}],\"inLanguage\":\"de\"},{\"@type\":\"Organization\",\"@id\":\"https:\/\/www.probadmergentheim.de\/#organization\",\"name\":\"PRO Bad Mergentheim\",\"url\":\"https:\/\/www.probadmergentheim.de\/\",\"logo\":{\"@type\":\"ImageObject\",\"inLanguage\":\"de\",\"@id\":\"https:\/\/www.probadmergentheim.de\/#\/schema\/logo\/image\/\",\"url\":\"https:\/\/www.probadmergentheim.de\/wp-content\/uploads\/2024\/04\/cropped-pro-MGH_DieZukunftsmacher_Logo-02-scaled-1.jpg\",\"contentUrl\":\"https:\/\/www.probadmergentheim.de\/wp-content\/uploads\/2024\/04\/cropped-pro-MGH_DieZukunftsmacher_Logo-02-scaled-1.jpg\",\"width\":2560,\"height\":1539,\"caption\":\"PRO Bad Mergentheim\"},\"image\":{\"@id\":\"https:\/\/www.probadmergentheim.de\/#\/schema\/logo\/image\/\"}}]}<\/script>\n<!-- \/ Yoast SEO plugin. -->","yoast_head_json":{"title":"Home - PRO Bad Mergentheim","robots":{"index":"index","follow":"follow","max-snippet":"max-snippet:-1","max-image-preview":"max-image-preview:large","max-video-preview":"max-video-preview:-1"},"canonical":"https:\/\/www.probadmergentheim.de\/","og_locale":"de_DE","og_type":"article","og_title":"Home - PRO Bad Mergentheim","og_description":"Willkommen beim F\u00f6rderverein Pro Bad Mergentheim e.V. Wir sind ein eingetragener F\u00f6rderverein, der sich f\u00fcr die Belange und das Wohl unserer Stadt einsetzt. Unser Handeln ist gepr\u00e4gt von Unparteilichkeit, Transparenz und einem klaren Blick auf die Zukunft.\u00a0 Unsere Mission ist es, gemeinsam mit den B\u00fcrgerinnen und B\u00fcrgern sowie den lokalen Beh\u00f6rden und Organisationen L\u00f6sungen zu finden, die die Lebensqualit\u00e4t in Bad Mergentheim verbessern.\u00a0 Durch offenen Dialog, konstruktive Zusammenarbeit und innovative Ideen streben wir eine lebendige und lebenswerte Stadt an, in der sich alle Einwohnerinnen und Einwohner wohlf\u00fchlen und entfalten k\u00f6nnen. Erfahren Sie mehr \u00fcber unsere Werte und Ziele sowie M\u00f6glichkeiten, sich aktiv einzubringen, auf unserer Website. \u00a0","og_url":"https:\/\/www.probadmergentheim.de\/","og_site_name":"PRO Bad Mergentheim","article_modified_time":"2025-04-16T18:18:18+00:00","twitter_card":"summary_large_image","twitter_misc":{"Gesch\u00e4tzte Lesezeit":"1\u00a0Minute"},"schema":{"@context":"https:\/\/schema.org","@graph":[{"@type":"WebPage","@id":"https:\/\/www.probadmergentheim.de\/","url":"https:\/\/www.probadmergentheim.de\/","name":"Home - PRO Bad Mergentheim","isPartOf":{"@id":"https:\/\/www.probadmergentheim.de\/#website"},"datePublished":"2024-04-24T10:23:10+00:00","dateModified":"2025-04-16T18:18:18+00:00","breadcrumb":{"@id":"https:\/\/www.probadmergentheim.de\/#breadcrumb"},"inLanguage":"de","potentialAction":[{"@type":"ReadAction","target":["https:\/\/www.probadmergentheim.de\/"]}]},{"@type":"BreadcrumbList","@id":"https:\/\/www.probadmergentheim.de\/#breadcrumb","itemListElement":[{"@type":"ListItem","position":1,"name":"Startseite","item":"https:\/\/www.probadmergentheim.de\/"},{"@type":"ListItem","position":2,"name":"Home"}]},{"@type":"WebSite","@id":"https:\/\/www.probadmergentheim.de\/#website","url":"https:\/\/www.probadmergentheim.de\/","name":"PRO Bad Mergentheim","description":"Die Zukunftsmacher","publisher":{"@id":"https:\/\/www.probadmergentheim.de\/#organization"},"potentialAction":[{"@type":"SearchAction","target":{"@type":"EntryPoint","urlTemplate":"https:\/\/www.probadmergentheim.de\/?s={search_term_string}"},"query-input":{"@type":"PropertyValueSpecification","valueRequired":true,"valueName":"search_term_string"}}],"inLanguage":"de"},{"@type":"Organization","@id":"https:\/\/www.probadmergentheim.de\/#organization","name":"PRO Bad Mergentheim","url":"https:\/\/www.probadmergentheim.de\/","logo":{"@type":"ImageObject","inLanguage":"de","@id":"https:\/\/www.probadmergentheim.de\/#\/schema\/logo\/image\/","url":"https:\/\/www.probadmergentheim.de\/wp-content\/uploads\/2024\/04\/cropped-pro-MGH_DieZukunftsmacher_Logo-02-scaled-1.jpg","contentUrl":"https:\/\/www.probadmergentheim.de\/wp-content\/uploads\/2024\/04\/cropped-pro-MGH_DieZukunftsmacher_Logo-02-scaled-1.jpg","width":2560,"height":1539,"caption":"PRO Bad Mergentheim"},"image":{"@id":"https:\/\/www.probadmergentheim.de\/#\/schema\/logo\/image\/"}}]}},"jetpack_sharing_enabled":true,"_links":{"self":[{"href":"https:\/\/www.probadmergentheim.de\/index.php\/wp-json\/wp\/v2\/pages\/655","targetHints":{"allow":["GET"]}}],"collection":[{"href":"https:\/\/www.probadmergentheim.de\/index.php\/wp-json\/wp\/v2\/pages"}],"about":[{"href":"https:\/\/www.probadmergentheim.de\/index.php\/wp-json\/wp\/v2\/types\/page"}],"author":[{"embeddable":true,"href":"https:\/\/www.probadmergentheim.de\/index.php\/wp-json\/wp\/v2\/users\/6"}],"replies":[{"embeddable":true,"href":"https:\/\/www.probadmergentheim.de\/index.php\/wp-json\/wp\/v2\/comments?post=655"}],"version-history":[{"count":112,"href":"https:\/\/www.probadmergentheim.de\/index.php\/wp-json\/wp\/v2\/pages\/655\/revisions"}],"predecessor-version":[{"id":1190,"href":"https:\/\/www.probadmergentheim.de\/index.php\/wp-json\/wp\/v2\/pages\/655\/revisions\/1190"}],"wp:attachment":[{"href":"https:\/\/www.probadmergentheim.de\/index.php\/wp-json\/wp\/v2\/media?parent=655"}],"curies":[{"name":"wp","href":"https:\/\/api.w.org\/{rel}","templated":true}]}}