{"id":680,"date":"2024-04-24T13:59:21","date_gmt":"2024-04-24T11:59:21","guid":{"rendered":"https:\/\/www.probadmergentheim.de\/?page_id=680"},"modified":"2025-05-14T12:04:46","modified_gmt":"2025-05-14T10:04:46","slug":"elementor-seite-680","status":"publish","type":"page","link":"https:\/\/www.probadmergentheim.de\/index.php\/elementor-seite-680\/","title":{"rendered":"Impressum"},"content":{"rendered":"\t\t<div data-elementor-type=\"wp-page\" data-elementor-id=\"680\" class=\"elementor elementor-680\" data-elementor-post-type=\"page\">\n\t\t\t\t<div class=\"elementor-element elementor-element-7f771ed e-flex e-con-boxed wpr-particle-no wpr-jarallax-no wpr-parallax-no wpr-sticky-section-no e-con e-parent\" data-id=\"7f771ed\" data-element_type=\"container\">\n\t\t\t\t\t<div class=\"e-con-inner\">\n\t\t\t\t<div class=\"elementor-element elementor-element-0f51f99 elementor-widget elementor-widget-text-editor\" data-id=\"0f51f99\" data-element_type=\"widget\" data-widget_type=\"text-editor.default\">\n\t\t\t\t<div class=\"elementor-widget-container\">\n\t\t\t\t\t\t\t\t\t<h5>Impressum<\/h5>\n<p>Angaben gem\u00e4\u00df \u00a7\u202f5 DDG:<\/p>\n<p>PRO Bad Mergentheim e.V.&nbsp;ist ein gemeinn\u00fctziger Verein.<\/p>\n<p>Vertreten durch: Vorsitzende: G\u00e9r\u00f4me Richard Friedrich, Karl Wilhelm Vekony<\/p>\n<p>Eingetragen im Registergericht&nbsp;des Amtsgerichts Ulm&nbsp;<\/p>\n<p>Vereinsregisternummer: VR 722754<\/p>\n<h6>Kontakt:<\/h6>\n<p>Adresse:&nbsp;<br>G\u00e9r\u00f4me Richard Friedrich<br>Johanniterhof 8<br>97980 Bad Mergentheim<\/p>\n<p>E-Mail:<br>info@probadmergentheim.de<\/p>\n<h6>Verantwortlich f\u00fcr den Inhalt nach \u00a7 55 Abs. 2 RStV:<\/h6>\n<p>Adrian Selke <br>Herrenm\u00fchlstra\u00dfe 6\/2 <br>97980 Bad Mergentheim<\/p>\n<h6>Streitschlichtung:<\/h6>\n<p>Die Europ\u00e4ische Kommission stellt eine Plattform zur Online-Streitbeilegung (OS) bereit:&nbsp;<a href=\"https:\/\/ec.europa.eu\/consumers\/odr\" target=\"_new\">https:\/\/ec.europa.eu\/consumers\/odr<\/a>. Unsere E-Mail-Adresse finden Sie oben im Impressum. <br>Wir sind nicht bereit oder verpflichtet, an Streitbeilegungsverfahren vor einer Verbraucherschlichtungsstelle teilzunehmen.<\/p>\n<h6 data-start=\"198\" data-end=\"224\"><strong data-start=\"202\" data-end=\"224\">Haftungsausschluss<\/strong><\/h6>\n<p class=\"\" data-start=\"226\" data-end=\"976\"><strong data-start=\"226\" data-end=\"249\">Haftung f\u00fcr Inhalte<\/strong><br data-start=\"249\" data-end=\"252\">Als Diensteanbieter sind wir gem\u00e4\u00df <strong data-start=\"287\" data-end=\"305\">\u00a7\u202f7 Abs.\u202f1 DDG<\/strong> f\u00fcr eigene Inhalte auf diesen Seiten nach den allgemeinen Gesetzen verantwortlich. Nach den <strong data-start=\"398\" data-end=\"417\">\u00a7\u00a7\u202f8 bis 10 DDG<\/strong> sind wir als Diensteanbieter jedoch nicht verpflichtet, \u00fcbermittelte oder gespeicherte fremde Informationen zu \u00fcberwachen oder aktiv nach Umst\u00e4nden zu forschen, die auf eine rechtswidrige T\u00e4tigkeit hinweisen.<br data-start=\"626\" data-end=\"629\">Verpflichtungen zur Entfernung oder Sperrung der Nutzung von Informationen nach den allgemeinen Gesetzen bleiben hiervon unber\u00fchrt. Eine entsprechende Haftung ist jedoch erst ab dem Zeitpunkt der Kenntnis einer konkreten Rechtsverletzung m\u00f6glich. Bei Bekanntwerden solcher Rechtsverletzungen werden wir die betreffenden Inhalte umgehend entfernen.<\/p>\n<p class=\"\" data-start=\"978\" data-end=\"1669\"><strong data-start=\"978\" data-end=\"999\">Haftung f\u00fcr Links<\/strong><br data-start=\"999\" data-end=\"1002\">Unser Angebot enth\u00e4lt Links zu externen Websites Dritter, auf deren Inhalte wir keinen Einfluss haben. Deshalb k\u00f6nnen wir f\u00fcr diese fremden Inhalte auch keine Gew\u00e4hr \u00fcbernehmen. F\u00fcr die Inhalte der verlinkten Seiten ist stets der jeweilige Anbieter oder Betreiber der Seiten verantwortlich. Zum Zeitpunkt der Verlinkung wurden die Seiten auf m\u00f6gliche Rechtsverst\u00f6\u00dfe \u00fcberpr\u00fcft. Rechtswidrige Inhalte waren zu diesem Zeitpunkt nicht erkennbar. Eine dauerhafte inhaltliche Kontrolle der verlinkten Seiten ist jedoch ohne konkrete Anhaltspunkte einer Rechtsverletzung nicht zumutbar. Bei Bekanntwerden von Rechtsverletzungen werden wir derartige Links umgehend entfernen.<\/p>\n<p class=\"\" data-start=\"1671\" data-end=\"2487\"><strong data-start=\"1671\" data-end=\"1687\">Urheberrecht<\/strong><br data-start=\"1687\" data-end=\"1690\">Die durch die Seitenbetreiber erstellten Inhalte und Werke auf diesen Seiten unterliegen dem deutschen Urheberrecht. Die Vervielf\u00e4ltigung, Bearbeitung, Verbreitung und jede Art der Verwertung au\u00dferhalb der Grenzen des Urheberrechts bed\u00fcrfen der schriftlichen Zustimmung des jeweiligen Autors bzw. Erstellers. Downloads und Kopien dieser Seite sind nur f\u00fcr den privaten, nicht kommerziellen Gebrauch gestattet.<br data-start=\"2099\" data-end=\"2102\">Soweit die Inhalte auf dieser Seite nicht vom Betreiber erstellt wurden, werden die Urheberrechte Dritter beachtet. Insbesondere werden Inhalte Dritter als solche gekennzeichnet. Solltest du trotzdem auf eine Urheberrechtsverletzung aufmerksam werden, bitten wir um einen entsprechenden Hinweis. Bei Bekanntwerden von Rechtsverletzungen werden wir derartige Inhalte umgehend entfernen.<\/p>\t\t\t\t\t\t\t\t<\/div>\n\t\t\t\t<\/div>\n\t\t\t\t\t<\/div>\n\t\t\t\t<\/div>\n\t\t\t\t<\/div>\n\t\t","protected":false},"excerpt":{"rendered":"<p>Impressum Angaben gem\u00e4\u00df \u00a7\u202f5 DDG: PRO Bad Mergentheim e.V.&nbsp;ist ein gemeinn\u00fctziger Verein. Vertreten durch: Vorsitzende: G\u00e9r\u00f4me Richard Friedrich, Karl Wilhelm Vekony Eingetragen im Registergericht&nbsp;des Amtsgerichts Ulm&nbsp; Vereinsregisternummer: VR 722754 Kontakt: Adresse:&nbsp;G\u00e9r\u00f4me Richard FriedrichJohanniterhof 897980 Bad Mergentheim E-Mail:info@probadmergentheim.de Verantwortlich f\u00fcr den Inhalt nach \u00a7 55 Abs. 2 RStV: Adrian Selke Herrenm\u00fchlstra\u00dfe 6\/2 97980 Bad Mergentheim Streitschlichtung: Die Europ\u00e4ische Kommission stellt eine Plattform zur Online-Streitbeilegung (OS) bereit:&nbsp;https:\/\/ec.europa.eu\/consumers\/odr. Unsere E-Mail-Adresse finden Sie oben im Impressum. Wir sind nicht bereit oder verpflichtet, an Streitbeilegungsverfahren vor einer Verbraucherschlichtungsstelle teilzunehmen. Haftungsausschluss Haftung f\u00fcr InhalteAls Diensteanbieter sind wir gem\u00e4\u00df \u00a7\u202f7 Abs.\u202f1 DDG f\u00fcr eigene Inhalte auf diesen Seiten nach den allgemeinen Gesetzen verantwortlich. Nach den \u00a7\u00a7\u202f8 bis 10 DDG sind wir als Diensteanbieter jedoch nicht verpflichtet, \u00fcbermittelte oder gespeicherte fremde Informationen zu \u00fcberwachen oder aktiv nach Umst\u00e4nden zu forschen, die auf eine rechtswidrige T\u00e4tigkeit hinweisen.Verpflichtungen zur Entfernung oder Sperrung der Nutzung von Informationen nach den allgemeinen Gesetzen bleiben hiervon unber\u00fchrt. Eine entsprechende Haftung ist jedoch erst ab dem Zeitpunkt der Kenntnis einer konkreten Rechtsverletzung m\u00f6glich. Bei Bekanntwerden solcher Rechtsverletzungen werden wir die betreffenden Inhalte umgehend entfernen. Haftung f\u00fcr LinksUnser Angebot enth\u00e4lt Links zu externen Websites Dritter, auf deren Inhalte wir keinen Einfluss haben. Deshalb k\u00f6nnen wir f\u00fcr diese fremden Inhalte auch keine Gew\u00e4hr \u00fcbernehmen. F\u00fcr die Inhalte der verlinkten Seiten ist stets der jeweilige Anbieter oder Betreiber der Seiten verantwortlich. Zum Zeitpunkt der Verlinkung wurden die Seiten auf m\u00f6gliche Rechtsverst\u00f6\u00dfe \u00fcberpr\u00fcft. Rechtswidrige Inhalte waren zu diesem Zeitpunkt nicht erkennbar. Eine dauerhafte inhaltliche Kontrolle der verlinkten Seiten ist jedoch ohne konkrete Anhaltspunkte einer Rechtsverletzung nicht zumutbar. Bei Bekanntwerden von Rechtsverletzungen werden wir derartige Links umgehend entfernen. UrheberrechtDie durch die Seitenbetreiber erstellten Inhalte und Werke auf diesen Seiten unterliegen dem deutschen Urheberrecht. Die Vervielf\u00e4ltigung, Bearbeitung, Verbreitung und jede Art der Verwertung au\u00dferhalb der Grenzen des Urheberrechts bed\u00fcrfen der schriftlichen Zustimmung des jeweiligen Autors bzw. Erstellers. Downloads und Kopien dieser Seite sind nur f\u00fcr den privaten, nicht kommerziellen Gebrauch gestattet.Soweit die Inhalte auf dieser Seite nicht vom Betreiber erstellt wurden, werden die Urheberrechte Dritter beachtet. Insbesondere werden Inhalte Dritter als solche gekennzeichnet. Solltest du trotzdem auf eine Urheberrechtsverletzung aufmerksam werden, bitten wir um einen entsprechenden Hinweis. Bei Bekanntwerden von Rechtsverletzungen werden wir derartige Inhalte umgehend entfernen.<\/p>\n","protected":false},"author":6,"featured_media":0,"parent":0,"menu_order":0,"comment_status":"closed","ping_status":"closed","template":"","meta":{"footnotes":""},"class_list":["post-680","page","type-page","status-publish","hentry"],"yoast_head":"<!-- This site is optimized with the Yoast SEO plugin v24.9 - https:\/\/yoast.com\/wordpress\/plugins\/seo\/ -->\n<title>Impressum - PRO Bad Mergentheim<\/title>\n<meta name=\"robots\" content=\"index, follow, max-snippet:-1, max-image-preview:large, max-video-preview:-1\" \/>\n<link rel=\"canonical\" href=\"https:\/\/www.probadmergentheim.de\/index.php\/elementor-seite-680\/\" \/>\n<meta property=\"og:locale\" content=\"de_DE\" \/>\n<meta property=\"og:type\" content=\"article\" \/>\n<meta property=\"og:title\" content=\"Impressum - PRO Bad Mergentheim\" \/>\n<meta property=\"og:description\" content=\"Impressum Angaben gem\u00e4\u00df \u00a7\u202f5 DDG: PRO Bad Mergentheim e.V.&nbsp;ist ein gemeinn\u00fctziger Verein. Vertreten durch: Vorsitzende: G\u00e9r\u00f4me Richard Friedrich, Karl Wilhelm Vekony Eingetragen im Registergericht&nbsp;des Amtsgerichts Ulm&nbsp; Vereinsregisternummer: VR 722754 Kontakt: Adresse:&nbsp;G\u00e9r\u00f4me Richard FriedrichJohanniterhof 897980 Bad Mergentheim E-Mail:info@probadmergentheim.de Verantwortlich f\u00fcr den Inhalt nach \u00a7 55 Abs. 2 RStV: Adrian Selke Herrenm\u00fchlstra\u00dfe 6\/2 97980 Bad Mergentheim Streitschlichtung: Die Europ\u00e4ische Kommission stellt eine Plattform zur Online-Streitbeilegung (OS) bereit:&nbsp;https:\/\/ec.europa.eu\/consumers\/odr. Unsere E-Mail-Adresse finden Sie oben im Impressum. Wir sind nicht bereit oder verpflichtet, an Streitbeilegungsverfahren vor einer Verbraucherschlichtungsstelle teilzunehmen. Haftungsausschluss Haftung f\u00fcr InhalteAls Diensteanbieter sind wir gem\u00e4\u00df \u00a7\u202f7 Abs.\u202f1 DDG f\u00fcr eigene Inhalte auf diesen Seiten nach den allgemeinen Gesetzen verantwortlich. Nach den \u00a7\u00a7\u202f8 bis 10 DDG sind wir als Diensteanbieter jedoch nicht verpflichtet, \u00fcbermittelte oder gespeicherte fremde Informationen zu \u00fcberwachen oder aktiv nach Umst\u00e4nden zu forschen, die auf eine rechtswidrige T\u00e4tigkeit hinweisen.Verpflichtungen zur Entfernung oder Sperrung der Nutzung von Informationen nach den allgemeinen Gesetzen bleiben hiervon unber\u00fchrt. Eine entsprechende Haftung ist jedoch erst ab dem Zeitpunkt der Kenntnis einer konkreten Rechtsverletzung m\u00f6glich. Bei Bekanntwerden solcher Rechtsverletzungen werden wir die betreffenden Inhalte umgehend entfernen. Haftung f\u00fcr LinksUnser Angebot enth\u00e4lt Links zu externen Websites Dritter, auf deren Inhalte wir keinen Einfluss haben. Deshalb k\u00f6nnen wir f\u00fcr diese fremden Inhalte auch keine Gew\u00e4hr \u00fcbernehmen. F\u00fcr die Inhalte der verlinkten Seiten ist stets der jeweilige Anbieter oder Betreiber der Seiten verantwortlich. Zum Zeitpunkt der Verlinkung wurden die Seiten auf m\u00f6gliche Rechtsverst\u00f6\u00dfe \u00fcberpr\u00fcft. Rechtswidrige Inhalte waren zu diesem Zeitpunkt nicht erkennbar. Eine dauerhafte inhaltliche Kontrolle der verlinkten Seiten ist jedoch ohne konkrete Anhaltspunkte einer Rechtsverletzung nicht zumutbar. Bei Bekanntwerden von Rechtsverletzungen werden wir derartige Links umgehend entfernen. UrheberrechtDie durch die Seitenbetreiber erstellten Inhalte und Werke auf diesen Seiten unterliegen dem deutschen Urheberrecht. Die Vervielf\u00e4ltigung, Bearbeitung, Verbreitung und jede Art der Verwertung au\u00dferhalb der Grenzen des Urheberrechts bed\u00fcrfen der schriftlichen Zustimmung des jeweiligen Autors bzw. Erstellers. Downloads und Kopien dieser Seite sind nur f\u00fcr den privaten, nicht kommerziellen Gebrauch gestattet.Soweit die Inhalte auf dieser Seite nicht vom Betreiber erstellt wurden, werden die Urheberrechte Dritter beachtet. Insbesondere werden Inhalte Dritter als solche gekennzeichnet. Solltest du trotzdem auf eine Urheberrechtsverletzung aufmerksam werden, bitten wir um einen entsprechenden Hinweis. Bei Bekanntwerden von Rechtsverletzungen werden wir derartige Inhalte umgehend entfernen.\" \/>\n<meta property=\"og:url\" content=\"https:\/\/www.probadmergentheim.de\/index.php\/elementor-seite-680\/\" \/>\n<meta property=\"og:site_name\" content=\"PRO Bad Mergentheim\" \/>\n<meta property=\"article:modified_time\" content=\"2025-05-14T10:04:46+00:00\" \/>\n<meta name=\"twitter:card\" content=\"summary_large_image\" \/>\n<meta name=\"twitter:label1\" content=\"Gesch\u00e4tzte Lesezeit\" \/>\n\t<meta name=\"twitter:data1\" content=\"3\u00a0Minuten\" \/>\n<script type=\"application\/ld+json\" class=\"yoast-schema-graph\">{\"@context\":\"https:\/\/schema.org\",\"@graph\":[{\"@type\":\"WebPage\",\"@id\":\"https:\/\/www.probadmergentheim.de\/index.php\/elementor-seite-680\/\",\"url\":\"https:\/\/www.probadmergentheim.de\/index.php\/elementor-seite-680\/\",\"name\":\"Impressum - PRO Bad Mergentheim\",\"isPartOf\":{\"@id\":\"https:\/\/www.probadmergentheim.de\/#website\"},\"datePublished\":\"2024-04-24T11:59:21+00:00\",\"dateModified\":\"2025-05-14T10:04:46+00:00\",\"breadcrumb\":{\"@id\":\"https:\/\/www.probadmergentheim.de\/index.php\/elementor-seite-680\/#breadcrumb\"},\"inLanguage\":\"de\",\"potentialAction\":[{\"@type\":\"ReadAction\",\"target\":[\"https:\/\/www.probadmergentheim.de\/index.php\/elementor-seite-680\/\"]}]},{\"@type\":\"BreadcrumbList\",\"@id\":\"https:\/\/www.probadmergentheim.de\/index.php\/elementor-seite-680\/#breadcrumb\",\"itemListElement\":[{\"@type\":\"ListItem\",\"position\":1,\"name\":\"Startseite\",\"item\":\"https:\/\/www.probadmergentheim.de\/\"},{\"@type\":\"ListItem\",\"position\":2,\"name\":\"Impressum\"}]},{\"@type\":\"WebSite\",\"@id\":\"https:\/\/www.probadmergentheim.de\/#website\",\"url\":\"https:\/\/www.probadmergentheim.de\/\",\"name\":\"PRO Bad Mergentheim\",\"description\":\"Die Zukunftsmacher\",\"publisher\":{\"@id\":\"https:\/\/www.probadmergentheim.de\/#organization\"},\"potentialAction\":[{\"@type\":\"SearchAction\",\"target\":{\"@type\":\"EntryPoint\",\"urlTemplate\":\"https:\/\/www.probadmergentheim.de\/?s={search_term_string}\"},\"query-input\":{\"@type\":\"PropertyValueSpecification\",\"valueRequired\":true,\"valueName\":\"search_term_string\"}}],\"inLanguage\":\"de\"},{\"@type\":\"Organization\",\"@id\":\"https:\/\/www.probadmergentheim.de\/#organization\",\"name\":\"PRO Bad Mergentheim\",\"url\":\"https:\/\/www.probadmergentheim.de\/\",\"logo\":{\"@type\":\"ImageObject\",\"inLanguage\":\"de\",\"@id\":\"https:\/\/www.probadmergentheim.de\/#\/schema\/logo\/image\/\",\"url\":\"https:\/\/www.probadmergentheim.de\/wp-content\/uploads\/2024\/04\/cropped-pro-MGH_DieZukunftsmacher_Logo-02-scaled-1.jpg\",\"contentUrl\":\"https:\/\/www.probadmergentheim.de\/wp-content\/uploads\/2024\/04\/cropped-pro-MGH_DieZukunftsmacher_Logo-02-scaled-1.jpg\",\"width\":2560,\"height\":1539,\"caption\":\"PRO Bad Mergentheim\"},\"image\":{\"@id\":\"https:\/\/www.probadmergentheim.de\/#\/schema\/logo\/image\/\"}}]}<\/script>\n<!-- \/ Yoast SEO plugin. -->","yoast_head_json":{"title":"Impressum - PRO Bad Mergentheim","robots":{"index":"index","follow":"follow","max-snippet":"max-snippet:-1","max-image-preview":"max-image-preview:large","max-video-preview":"max-video-preview:-1"},"canonical":"https:\/\/www.probadmergentheim.de\/index.php\/elementor-seite-680\/","og_locale":"de_DE","og_type":"article","og_title":"Impressum - PRO Bad Mergentheim","og_description":"Impressum Angaben gem\u00e4\u00df \u00a7\u202f5 DDG: PRO Bad Mergentheim e.V.&nbsp;ist ein gemeinn\u00fctziger Verein. Vertreten durch: Vorsitzende: G\u00e9r\u00f4me Richard Friedrich, Karl Wilhelm Vekony Eingetragen im Registergericht&nbsp;des Amtsgerichts Ulm&nbsp; Vereinsregisternummer: VR 722754 Kontakt: Adresse:&nbsp;G\u00e9r\u00f4me Richard FriedrichJohanniterhof 897980 Bad Mergentheim E-Mail:info@probadmergentheim.de Verantwortlich f\u00fcr den Inhalt nach \u00a7 55 Abs. 2 RStV: Adrian Selke Herrenm\u00fchlstra\u00dfe 6\/2 97980 Bad Mergentheim Streitschlichtung: Die Europ\u00e4ische Kommission stellt eine Plattform zur Online-Streitbeilegung (OS) bereit:&nbsp;https:\/\/ec.europa.eu\/consumers\/odr. Unsere E-Mail-Adresse finden Sie oben im Impressum. Wir sind nicht bereit oder verpflichtet, an Streitbeilegungsverfahren vor einer Verbraucherschlichtungsstelle teilzunehmen. Haftungsausschluss Haftung f\u00fcr InhalteAls Diensteanbieter sind wir gem\u00e4\u00df \u00a7\u202f7 Abs.\u202f1 DDG f\u00fcr eigene Inhalte auf diesen Seiten nach den allgemeinen Gesetzen verantwortlich. Nach den \u00a7\u00a7\u202f8 bis 10 DDG sind wir als Diensteanbieter jedoch nicht verpflichtet, \u00fcbermittelte oder gespeicherte fremde Informationen zu \u00fcberwachen oder aktiv nach Umst\u00e4nden zu forschen, die auf eine rechtswidrige T\u00e4tigkeit hinweisen.Verpflichtungen zur Entfernung oder Sperrung der Nutzung von Informationen nach den allgemeinen Gesetzen bleiben hiervon unber\u00fchrt. Eine entsprechende Haftung ist jedoch erst ab dem Zeitpunkt der Kenntnis einer konkreten Rechtsverletzung m\u00f6glich. Bei Bekanntwerden solcher Rechtsverletzungen werden wir die betreffenden Inhalte umgehend entfernen. Haftung f\u00fcr LinksUnser Angebot enth\u00e4lt Links zu externen Websites Dritter, auf deren Inhalte wir keinen Einfluss haben. Deshalb k\u00f6nnen wir f\u00fcr diese fremden Inhalte auch keine Gew\u00e4hr \u00fcbernehmen. F\u00fcr die Inhalte der verlinkten Seiten ist stets der jeweilige Anbieter oder Betreiber der Seiten verantwortlich. Zum Zeitpunkt der Verlinkung wurden die Seiten auf m\u00f6gliche Rechtsverst\u00f6\u00dfe \u00fcberpr\u00fcft. Rechtswidrige Inhalte waren zu diesem Zeitpunkt nicht erkennbar. Eine dauerhafte inhaltliche Kontrolle der verlinkten Seiten ist jedoch ohne konkrete Anhaltspunkte einer Rechtsverletzung nicht zumutbar. Bei Bekanntwerden von Rechtsverletzungen werden wir derartige Links umgehend entfernen. UrheberrechtDie durch die Seitenbetreiber erstellten Inhalte und Werke auf diesen Seiten unterliegen dem deutschen Urheberrecht. Die Vervielf\u00e4ltigung, Bearbeitung, Verbreitung und jede Art der Verwertung au\u00dferhalb der Grenzen des Urheberrechts bed\u00fcrfen der schriftlichen Zustimmung des jeweiligen Autors bzw. Erstellers. Downloads und Kopien dieser Seite sind nur f\u00fcr den privaten, nicht kommerziellen Gebrauch gestattet.Soweit die Inhalte auf dieser Seite nicht vom Betreiber erstellt wurden, werden die Urheberrechte Dritter beachtet. Insbesondere werden Inhalte Dritter als solche gekennzeichnet. Solltest du trotzdem auf eine Urheberrechtsverletzung aufmerksam werden, bitten wir um einen entsprechenden Hinweis. Bei Bekanntwerden von Rechtsverletzungen werden wir derartige Inhalte umgehend entfernen.","og_url":"https:\/\/www.probadmergentheim.de\/index.php\/elementor-seite-680\/","og_site_name":"PRO Bad Mergentheim","article_modified_time":"2025-05-14T10:04:46+00:00","twitter_card":"summary_large_image","twitter_misc":{"Gesch\u00e4tzte Lesezeit":"3\u00a0Minuten"},"schema":{"@context":"https:\/\/schema.org","@graph":[{"@type":"WebPage","@id":"https:\/\/www.probadmergentheim.de\/index.php\/elementor-seite-680\/","url":"https:\/\/www.probadmergentheim.de\/index.php\/elementor-seite-680\/","name":"Impressum - PRO Bad Mergentheim","isPartOf":{"@id":"https:\/\/www.probadmergentheim.de\/#website"},"datePublished":"2024-04-24T11:59:21+00:00","dateModified":"2025-05-14T10:04:46+00:00","breadcrumb":{"@id":"https:\/\/www.probadmergentheim.de\/index.php\/elementor-seite-680\/#breadcrumb"},"inLanguage":"de","potentialAction":[{"@type":"ReadAction","target":["https:\/\/www.probadmergentheim.de\/index.php\/elementor-seite-680\/"]}]},{"@type":"BreadcrumbList","@id":"https:\/\/www.probadmergentheim.de\/index.php\/elementor-seite-680\/#breadcrumb","itemListElement":[{"@type":"ListItem","position":1,"name":"Startseite","item":"https:\/\/www.probadmergentheim.de\/"},{"@type":"ListItem","position":2,"name":"Impressum"}]},{"@type":"WebSite","@id":"https:\/\/www.probadmergentheim.de\/#website","url":"https:\/\/www.probadmergentheim.de\/","name":"PRO Bad Mergentheim","description":"Die Zukunftsmacher","publisher":{"@id":"https:\/\/www.probadmergentheim.de\/#organization"},"potentialAction":[{"@type":"SearchAction","target":{"@type":"EntryPoint","urlTemplate":"https:\/\/www.probadmergentheim.de\/?s={search_term_string}"},"query-input":{"@type":"PropertyValueSpecification","valueRequired":true,"valueName":"search_term_string"}}],"inLanguage":"de"},{"@type":"Organization","@id":"https:\/\/www.probadmergentheim.de\/#organization","name":"PRO Bad Mergentheim","url":"https:\/\/www.probadmergentheim.de\/","logo":{"@type":"ImageObject","inLanguage":"de","@id":"https:\/\/www.probadmergentheim.de\/#\/schema\/logo\/image\/","url":"https:\/\/www.probadmergentheim.de\/wp-content\/uploads\/2024\/04\/cropped-pro-MGH_DieZukunftsmacher_Logo-02-scaled-1.jpg","contentUrl":"https:\/\/www.probadmergentheim.de\/wp-content\/uploads\/2024\/04\/cropped-pro-MGH_DieZukunftsmacher_Logo-02-scaled-1.jpg","width":2560,"height":1539,"caption":"PRO Bad Mergentheim"},"image":{"@id":"https:\/\/www.probadmergentheim.de\/#\/schema\/logo\/image\/"}}]}},"jetpack_sharing_enabled":true,"_links":{"self":[{"href":"https:\/\/www.probadmergentheim.de\/index.php\/wp-json\/wp\/v2\/pages\/680","targetHints":{"allow":["GET"]}}],"collection":[{"href":"https:\/\/www.probadmergentheim.de\/index.php\/wp-json\/wp\/v2\/pages"}],"about":[{"href":"https:\/\/www.probadmergentheim.de\/index.php\/wp-json\/wp\/v2\/types\/page"}],"author":[{"embeddable":true,"href":"https:\/\/www.probadmergentheim.de\/index.php\/wp-json\/wp\/v2\/users\/6"}],"replies":[{"embeddable":true,"href":"https:\/\/www.probadmergentheim.de\/index.php\/wp-json\/wp\/v2\/comments?post=680"}],"version-history":[{"count":13,"href":"https:\/\/www.probadmergentheim.de\/index.php\/wp-json\/wp\/v2\/pages\/680\/revisions"}],"predecessor-version":[{"id":1215,"href":"https:\/\/www.probadmergentheim.de\/index.php\/wp-json\/wp\/v2\/pages\/680\/revisions\/1215"}],"wp:attachment":[{"href":"https:\/\/www.probadmergentheim.de\/index.php\/wp-json\/wp\/v2\/media?parent=680"}],"curies":[{"name":"wp","href":"https:\/\/api.w.org\/{rel}","templated":true}]}}